{"id":2419,"date":"2026-01-29T10:28:54","date_gmt":"2026-01-29T09:28:54","guid":{"rendered":"https:\/\/pepinieredurenard.fr\/?post_type=product&#038;p=2419"},"modified":"2026-02-19T10:10:19","modified_gmt":"2026-02-19T09:10:19","slug":"pinus-rigida","status":"publish","type":"product","link":"https:\/\/pepinieredurenard.fr\/en\/product\/pinus-rigida\/","title":{"rendered":"Pinus rigida"},"content":{"rendered":"<h3 data-start=\"854\" data-end=\"877\">Character &amp; interest<\/h3>\n<p data-start=\"879\" data-end=\"1249\">A true \u201ctough-site\u201d species, interesting for its resilience and authentic look. In poor, free-draining conditions, it keeps a more irregular, distinctive habit. It is also known for its ability to resprout after disturbance (notably fire) thanks to adventitious buds\u2014rare in pines and very useful in harsh conditions.<\/p>\n<h3 data-start=\"1251\" data-end=\"1263\">Colours<\/h3>\n<ul data-start=\"1265\" data-end=\"1472\">\n<li data-start=\"1265\" data-end=\"1323\">\n<p data-start=\"1267\" data-end=\"1323\"><strong data-start=\"1267\" data-end=\"1280\">Foliage<\/strong> : dark green to grey-green, evergreen.<\/p>\n<\/li>\n<li data-start=\"1324\" data-end=\"1398\">\n<p data-start=\"1326\" data-end=\"1398\"><strong data-start=\"1326\" data-end=\"1335\">Cones<\/strong> : yellow-brown to brown, often persistent for several years.<\/p>\n<\/li>\n<li data-start=\"1399\" data-end=\"1472\">\n<p data-start=\"1401\" data-end=\"1472\"><strong data-start=\"1401\" data-end=\"1411\">Bark<\/strong> : dark grey, becoming deeply fissured with age.<\/p>\n<\/li>\n<\/ul>\n<h3 data-start=\"1474\" data-end=\"1492\">Habit &amp; vigour<\/h3>\n<p data-start=\"1494\" data-end=\"1695\">Young tree rather conical or ovoid, then more irregular with age. Moderate vigor: good growth in full light, even in poor soil, with an appreciable lifespan.<\/p>\n<h3 data-start=\"1697\" data-end=\"1723\">Indicative size<\/h3>\n<p data-start=\"1725\" data-end=\"1762\">Typical ranges depending on conditions:<\/p>\n<ul data-start=\"1764\" data-end=\"1937\">\n<li data-start=\"1764\" data-end=\"1812\">\n<p data-start=\"1766\" data-end=\"1812\">generally 15 to 25 m tall at maturity,<\/p>\n<\/li>\n<li data-start=\"1813\" data-end=\"1854\">\n<p data-start=\"1815\" data-end=\"1854\">sometimes more on a favorable site,<\/p>\n<\/li>\n<li data-start=\"1855\" data-end=\"1937\">\n<p data-start=\"1857\" data-end=\"1937\">spread variable, with a wider and more irregular crown as it ages.<\/p>\n<\/li>\n<\/ul>\n<h3 data-start=\"1939\" data-end=\"1953\">Exposure<\/h3>\n<p data-start=\"1955\" data-end=\"2103\">Full sun recommended. In overly cool and shaded soil, it loses density and vigor. Excellent performance on airy, well-drained sites.<\/p>\n<h3 data-start=\"2409\" data-end=\"2431\">Origin &amp; history<\/h3>\n<p data-start=\"2433\" data-end=\"2859\" class=\"translation-block\">A species native from southeastern Canada to the eastern United States, often associated with poor habitats (sands, \u201cpine barrens\u201d). The epithet rigida (\u201crigid\u201d) refers to the stiffness of certain features (notably cone scales and the look\/feel of the needles) as described in forestry literature.<\/p>","protected":false},"excerpt":{"rendered":"<p class=\"translation-block\">Pinus rigida (pitch pine) is a characterful North American pine, valued for its toughness and its ability to grow where many trees struggle: sandy, poor, acidic soils, sometimes dry. Its dark foliage\u2014thick, stiff needles in bundles of three\u2014and a silhouette that often becomes twisted with age make it an excellent architectural conifer, particularly suited to naturalistic gardens, free-draining ground, and exposed situations.<\/p>","protected":false},"featured_media":0,"template":"","meta":{"_seopress_robots_primary_cat":"none","_seopress_titles_title":"Pinus rigida (Pitch pine) | Pin persistant tr\u00e8s r\u00e9silient, aiguilles rigides par 3, sols pauvres","_seopress_titles_desc":"Pinus rigida (pitch pine) : pin nord-am\u00e9ricain persistant, aiguilles \u00e9paisses et rigides par 3, c\u00f4nes souvent persistants. Tr\u00e8s adapt\u00e9 aux sols pauvres, sableux et acides, en plein soleil. Port conique puis plus irr\u00e9gulier avec l\u2019\u00e2ge. Grand conif\u00e8re (souvent 15\u201325 m selon conditions).","_seopress_robots_index":"","_kad_post_transparent":"default","_kad_post_title":"","_kad_post_layout":"default","_kad_post_sidebar_id":"","_kad_post_content_style":"default","_kad_post_vertical_padding":"default","_kad_post_feature":"","_kad_post_feature_position":"","_kad_post_header":false,"_kad_post_footer":false,"_kad_post_classname":""},"product_brand":[],"product_cat":[23,108],"product_tag":[],"class_list":{"0":"post-2419","1":"product","2":"type-product","3":"status-publish","5":"product_cat-coniferes","6":"product_cat-pinus","8":"first","9":"instock","10":"shipping-taxable","11":"product-type-variable","12":"entry","13":"content-bg","14":"loop-entry"},"_links":{"self":[{"href":"https:\/\/pepinieredurenard.fr\/en\/wp-json\/wp\/v2\/product\/2419","targetHints":{"allow":["GET"]}}],"collection":[{"href":"https:\/\/pepinieredurenard.fr\/en\/wp-json\/wp\/v2\/product"}],"about":[{"href":"https:\/\/pepinieredurenard.fr\/en\/wp-json\/wp\/v2\/types\/product"}],"wp:attachment":[{"href":"https:\/\/pepinieredurenard.fr\/en\/wp-json\/wp\/v2\/media?parent=2419"}],"wp:term":[{"taxonomy":"product_brand","embeddable":true,"href":"https:\/\/pepinieredurenard.fr\/en\/wp-json\/wp\/v2\/product_brand?post=2419"},{"taxonomy":"product_cat","embeddable":true,"href":"https:\/\/pepinieredurenard.fr\/en\/wp-json\/wp\/v2\/product_cat?post=2419"},{"taxonomy":"product_tag","embeddable":true,"href":"https:\/\/pepinieredurenard.fr\/en\/wp-json\/wp\/v2\/product_tag?post=2419"}],"curies":[{"name":"wp","href":"https:\/\/api.w.org\/{rel}","templated":true}]}}