{"id":2410,"date":"2026-01-29T10:02:37","date_gmt":"2026-01-29T09:02:37","guid":{"rendered":"https:\/\/pepinieredurenard.fr\/?post_type=product&#038;p=2410"},"modified":"2026-02-18T16:36:30","modified_gmt":"2026-02-18T15:36:30","slug":"larix-laricina","status":"publish","type":"product","link":"https:\/\/pepinieredurenard.fr\/en\/product\/larix-laricina\/","title":{"rendered":"Larix laricina"},"content":{"rendered":"<h3 data-start=\"904\" data-end=\"927\">Character &amp; interest<\/h3>\n<p data-start=\"929\" data-end=\"1238\">The main appeal is a true \u201cfour-season\u201d effect: soft foliage in spring, a luminous silhouette in summer, blazing yellow in autumn, then elegant twigs and small persistent cones in winter. This is a tree of cold regions: it performs best where summers are not scorching hot.<\/p>\n<h3 data-start=\"1240\" data-end=\"1252\">Colours<\/h3>\n<ul data-start=\"1254\" data-end=\"1469\">\n<li data-start=\"1254\" data-end=\"1325\">\n<p data-start=\"1256\" data-end=\"1325\"><strong data-start=\"1256\" data-end=\"1275\">Spring\u2013summer<\/strong> : light green to mid-green needles, soft.<\/p>\n<\/li>\n<li data-start=\"1326\" data-end=\"1398\">\n<p data-start=\"1328\" data-end=\"1398\"><strong data-start=\"1328\" data-end=\"1339\">Autumn<\/strong> : highly decorative golden yellow, then needle drop.<\/p>\n<\/li>\n<li data-start=\"1399\" data-end=\"1469\">\n<p data-start=\"1401\" data-end=\"1469\"><strong data-start=\"1401\" data-end=\"1410\">Winter<\/strong> : bare tree, elegant twigs and visible small cones.<\/p>\n<\/li>\n<\/ul>\n<h3 data-start=\"1471\" data-end=\"1489\">Habit &amp; vigour<\/h3>\n<p data-start=\"1491\" data-end=\"1757\">When young, an open pyramidal habit with rather horizontal branches; with age it becomes a slender tree with a strong presence. Moderate to good vigor in suitable conditions (cool soil, cool climate). The species is very poorly tolerant of dense shade.<\/p>\n<h3 data-start=\"1759\" data-end=\"1785\">Indicative size<\/h3>\n<p data-start=\"1787\" data-end=\"1824\">Typical ranges cited in cultivation:<\/p>\n<ul data-start=\"1826\" data-end=\"2007\">\n<li data-start=\"1826\" data-end=\"1883\">\n<p data-start=\"1828\" data-end=\"1883\">generally 12 to 18 m tall (sometimes more),<\/p>\n<\/li>\n<li data-start=\"1884\" data-end=\"1920\">\n<p data-start=\"1886\" data-end=\"1920\">about 4.5 to 9 m spread,<\/p>\n<\/li>\n<li data-start=\"1921\" data-end=\"2007\">\n<p data-start=\"1923\" data-end=\"2007\">smaller in very northern conditions, larger in a favorable, cool site.<\/p>\n<\/li>\n<\/ul>\n<h3 data-start=\"2009\" data-end=\"2023\">Exposure<\/h3>\n<p data-start=\"2025\" data-end=\"2221\">When young, an open pyramidal habit with rather horizontal branches; with age it becomes a slender tree with a strong presence. Moderate to good vigor in suitable conditions (cool soil, cool climate). The species is very poorly tolerant of dense shade.<\/p>\n<h3 data-start=\"2552\" data-end=\"2574\">Origin &amp; history<\/h3>\n<p data-start=\"2576\" data-end=\"3043\">A species native to northern North America, widely distributed from subarctic regions southwards (down to the Maryland region according to botanical databases). It is often associated with bogs, swamps and cool woodlands, and can occur up to the treeline in very cold climates.<br data-start=\"2898\" data-end=\"2901\" \/>Common botanical synonyms: Larix americana; the old basionym Pinus laricina is also found in the literature.<\/p>","protected":false},"excerpt":{"rendered":"<p class=\"translation-block\">Larix laricina (tamarack \/ American larch) is a deciduous conifer: its green needles form a light, airy mass in spring and summer, then turn golden yellow in autumn before falling. Very cold-hardy, it appreciates moist (even waterlogged) soils, while still being able to grow in cool, well-drained ground. A superb structural tree for large gardens and parks, especially striking near a water feature.<\/p>","protected":false},"featured_media":0,"template":"","meta":{"_seopress_robots_primary_cat":"none","_seopress_titles_title":"Larix laricina (Tamarack) | M\u00e9l\u00e8ze caduc tr\u00e8s rustique, automne jaune dor\u00e9, sols humides","_seopress_titles_desc":"Larix laricina (m\u00e9l\u00e8ze d\u2019Am\u00e9rique, tamarack) : conif\u00e8re caduc tr\u00e8s rustique, aiguilles vert clair puis superbe automne jaune dor\u00e9 avant la chute. Id\u00e9al pr\u00e8s d\u2019un point d\u2019eau ou en sol frais \u00e0 humide (plut\u00f4t acide). Plein soleil, meilleur r\u00e9sultat en climats \u00e0 \u00e9t\u00e9s plut\u00f4t frais. Grand arbre pour jardin et parc (env. 12\u201318 m, plus selon conditions).","_seopress_robots_index":"","_kad_post_transparent":"default","_kad_post_title":"","_kad_post_layout":"default","_kad_post_sidebar_id":"","_kad_post_content_style":"default","_kad_post_vertical_padding":"default","_kad_post_feature":"","_kad_post_feature_position":"","_kad_post_header":false,"_kad_post_footer":false,"_kad_post_classname":""},"product_brand":[],"product_cat":[110],"product_tag":[],"class_list":{"0":"post-2410","1":"product","2":"type-product","3":"status-publish","5":"product_cat-larix","7":"first","8":"instock","9":"shipping-taxable","10":"product-type-variable","11":"entry","12":"content-bg","13":"loop-entry"},"_links":{"self":[{"href":"https:\/\/pepinieredurenard.fr\/en\/wp-json\/wp\/v2\/product\/2410","targetHints":{"allow":["GET"]}}],"collection":[{"href":"https:\/\/pepinieredurenard.fr\/en\/wp-json\/wp\/v2\/product"}],"about":[{"href":"https:\/\/pepinieredurenard.fr\/en\/wp-json\/wp\/v2\/types\/product"}],"wp:attachment":[{"href":"https:\/\/pepinieredurenard.fr\/en\/wp-json\/wp\/v2\/media?parent=2410"}],"wp:term":[{"taxonomy":"product_brand","embeddable":true,"href":"https:\/\/pepinieredurenard.fr\/en\/wp-json\/wp\/v2\/product_brand?post=2410"},{"taxonomy":"product_cat","embeddable":true,"href":"https:\/\/pepinieredurenard.fr\/en\/wp-json\/wp\/v2\/product_cat?post=2410"},{"taxonomy":"product_tag","embeddable":true,"href":"https:\/\/pepinieredurenard.fr\/en\/wp-json\/wp\/v2\/product_tag?post=2410"}],"curies":[{"name":"wp","href":"https:\/\/api.w.org\/{rel}","templated":true}]}}