{"id":2364,"date":"2026-01-28T13:53:51","date_gmt":"2026-01-28T12:53:51","guid":{"rendered":"https:\/\/pepinieredurenard.fr\/?post_type=product&#038;p=2364"},"modified":"2026-02-18T13:03:08","modified_gmt":"2026-02-18T12:03:08","slug":"ever-autumn","status":"publish","type":"product","link":"https:\/\/pepinieredurenard.fr\/en\/product\/ever-autumn\/","title":{"rendered":"Ever autumn"},"content":{"rendered":"<h3 data-start=\"1031\" data-end=\"1054\">Character &amp; interest<\/h3>\n<p data-start=\"1056\" data-end=\"1357\">\u2018Ever Autumn\u2019 is sought after for its ability to deliver warm tones right from the start of the season, and to remain decorative over a long period. The foliage is generally large, with a clean outline, and the plant behaves like an easy, small garden tree that\u2019s simple to stage as a specimen.<\/p>\n<h3 data-start=\"1359\" data-end=\"1371\">Colours<\/h3>\n<ul data-start=\"1373\" data-end=\"1662\">\n<li data-start=\"1373\" data-end=\"1475\">\n<p data-start=\"1375\" data-end=\"1475\"><strong data-start=\"1375\" data-end=\"1388\">Spring<\/strong> : green with pink\/orange\/red hues (a \u201calready autumnal\u201d effect on young leaves).<\/p>\n<\/li>\n<li data-start=\"1476\" data-end=\"1587\">\n<p data-start=\"1478\" data-end=\"1587\"><strong data-start=\"1478\" data-end=\"1485\">Summer<\/strong> : green with a more or less visible reddish\/warm cast depending on exposure and temperatures.<\/p>\n<\/li>\n<li data-start=\"1588\" data-end=\"1662\">\n<p data-start=\"1590\" data-end=\"1662\"><strong data-start=\"1590\" data-end=\"1601\">Autumn<\/strong> : gold, orange, then red (often very luminous).<\/p>\n<\/li>\n<\/ul>\n<h3 data-start=\"1664\" data-end=\"1682\">Habit &amp; vigour<\/h3>\n<p data-start=\"1684\" data-end=\"1841\">Upright habit, then more open with age. Moderate to good vigor, with steady growth if soil moisture remains stable in summer.<\/p>\n<h3 data-start=\"1843\" data-end=\"1869\">Indicative size<\/h3>\n<p data-start=\"1871\" data-end=\"1927\">Observed orders of magnitude depending on sources and training:<\/p>\n<ul data-start=\"1929\" data-end=\"2140\">\n<li data-start=\"1929\" data-end=\"1969\">\n<p data-start=\"1931\" data-end=\"1969\">often around 2 to 3 m tall,<\/p>\n<\/li>\n<li data-start=\"1970\" data-end=\"2010\">\n<p data-start=\"1972\" data-end=\"2010\">for about 1.5 to 2.5 m wide,<\/p>\n<\/li>\n<li data-start=\"2011\" data-end=\"2140\">\n<p data-start=\"2013\" data-end=\"2140\">some indications in favorable climates suggest greater long-term potential (variable depending on training and conditions).<\/p>\n<\/li>\n<\/ul>\n<h3 data-start=\"2142\" data-end=\"2156\">Exposure<\/h3>\n<p data-start=\"2158\" data-end=\"2447\">Gentle sun \/ bright partial shade. \u2018Ever Autumn\u2019 is often described as handling sun well if the soil stays cool and moist (mulching recommended); in hot climates or in containers, avoid harsh afternoon sun.<\/p>\n<h3 data-start=\"2764\" data-end=\"2786\">Origin &amp; history<\/h3>\n<p data-start=\"2788\" data-end=\"3255\" class=\"translation-block\">\u2018Ever Autumn\u2019 is presented as a seedling selected in the mid-1980s and named by Dan Heims (Terra Nova Nurseries, Canby, Oregon). Several sources agree on a garden seedling origin, with \u2018Omure yama\u2019 cited as a possible parent. The plant is generally considered a hybrid between Acer palmatum and Acer circinatum (vine maple), which may explain its tolerance and some vigor traits.<\/p>","protected":false},"excerpt":{"rendered":"<p>\u2018Ever Autumn\u2019 is an original hybrid that very early on gives the impression of foliage already showing \u201cautumn tones\u201d. In spring, its large leaves appear green with shades of pink\/orange\/red, then the tree often keeps a warm hue all summer before a final orange to red display in autumn. Its upright habit and good sun tolerance (in consistently moist soil) make it an excellent choice for a focal point, including in brighter situations than the average Japanese maple.<\/p>","protected":false},"featured_media":0,"template":"","meta":{"_seopress_robots_primary_cat":"none","_seopress_titles_title":"Ever Autumn \u2013 Acer palmatum \u00d7 circinatum | Teintes d\u2019automne d\u00e8s le printemps, automne orange-rouge","_seopress_titles_desc":"\u2018Ever Autumn\u2019 (Acer palmatum \u00d7 circinatum) : hybride original aux nuances rose\/orange\/rouge d\u00e8s le printemps, vert \u00e0 reflets chauds en \u00e9t\u00e9, puis automne or, orange et rouge. Port \u00e9rig\u00e9, env. 2\u20133 m selon conditions. Soleil doux ou mi-ombre, sol drainant et frais.","_seopress_robots_index":"","_kad_post_transparent":"default","_kad_post_title":"","_kad_post_layout":"default","_kad_post_sidebar_id":"","_kad_post_content_style":"default","_kad_post_vertical_padding":"default","_kad_post_feature":"","_kad_post_feature_position":"","_kad_post_header":false,"_kad_post_footer":false,"_kad_post_classname":""},"product_brand":[],"product_cat":[189,18],"product_tag":[],"class_list":{"0":"post-2364","1":"product","2":"type-product","3":"status-publish","5":"product_cat-acer-circinatum","6":"product_cat-erables-du-japon","8":"first","9":"instock","10":"shipping-taxable","11":"product-type-variable","12":"entry","13":"content-bg","14":"loop-entry"},"_links":{"self":[{"href":"https:\/\/pepinieredurenard.fr\/en\/wp-json\/wp\/v2\/product\/2364","targetHints":{"allow":["GET"]}}],"collection":[{"href":"https:\/\/pepinieredurenard.fr\/en\/wp-json\/wp\/v2\/product"}],"about":[{"href":"https:\/\/pepinieredurenard.fr\/en\/wp-json\/wp\/v2\/types\/product"}],"wp:attachment":[{"href":"https:\/\/pepinieredurenard.fr\/en\/wp-json\/wp\/v2\/media?parent=2364"}],"wp:term":[{"taxonomy":"product_brand","embeddable":true,"href":"https:\/\/pepinieredurenard.fr\/en\/wp-json\/wp\/v2\/product_brand?post=2364"},{"taxonomy":"product_cat","embeddable":true,"href":"https:\/\/pepinieredurenard.fr\/en\/wp-json\/wp\/v2\/product_cat?post=2364"},{"taxonomy":"product_tag","embeddable":true,"href":"https:\/\/pepinieredurenard.fr\/en\/wp-json\/wp\/v2\/product_tag?post=2364"}],"curies":[{"name":"wp","href":"https:\/\/api.w.org\/{rel}","templated":true}]}}