{"id":2355,"date":"2026-01-28T13:32:24","date_gmt":"2026-01-28T12:32:24","guid":{"rendered":"https:\/\/pepinieredurenard.fr\/?post_type=product&#038;p=2355"},"modified":"2026-02-19T14:49:37","modified_gmt":"2026-02-19T13:49:37","slug":"sode-no-uchi","status":"publish","type":"product","link":"https:\/\/pepinieredurenard.fr\/en\/product\/sode-no-uchi\/","title":{"rendered":"Sode no uchi"},"content":{"rendered":"<h3 data-start=\"865\" data-end=\"888\">Character &amp; interest<\/h3>\n<p data-start=\"890\" data-end=\"1162\">This cultivar offers a \u201cfull moon\u201d look (rounded, palmate leaves) but on a finer scale thanks to its small leaves, giving a light, elegant silhouette. It is often sought after for its hardiness and its very luminous autumn color.<\/p>\n<h3 data-start=\"1164\" data-end=\"1176\">Colours<\/h3>\n<ul data-start=\"1178\" data-end=\"1380\">\n<li data-start=\"1178\" data-end=\"1236\">\n<p data-start=\"1180\" data-end=\"1236\"><strong data-start=\"1180\" data-end=\"1193\">Spring<\/strong> : light green (bright, luminous young leaves).<\/p>\n<\/li>\n<li data-start=\"1237\" data-end=\"1278\">\n<p data-start=\"1239\" data-end=\"1278\"><strong data-start=\"1239\" data-end=\"1246\">Summer<\/strong> : green to deeper green.<\/p>\n<\/li>\n<li data-start=\"1279\" data-end=\"1380\">\n<p data-start=\"1281\" data-end=\"1380\"><strong data-start=\"1281\" data-end=\"1292\">Autumn<\/strong> : bright yellow, often enriched with orange and sometimes red depending on conditions.<\/p>\n<\/li>\n<\/ul>\n<h3 data-start=\"1382\" data-end=\"1400\">Habit &amp; vigour<\/h3>\n<p data-start=\"1402\" data-end=\"1594\">Rather upright at first, then rounded and broader with age. Moderate to good vigor: steady growth if the soil stays cool in summer, with good performance both in the ground and in containers.<\/p>\n<h3 data-start=\"1596\" data-end=\"1622\">Indicative size<\/h3>\n<p data-start=\"1624\" data-end=\"1680\">Observed orders of magnitude depending on sources and training:<\/p>\n<ul data-start=\"1682\" data-end=\"1901\">\n<li data-start=\"1682\" data-end=\"1756\">\n<p data-start=\"1684\" data-end=\"1756\">often around 2.5 to 3.5 m tall at 10\u201315 years (variable),<\/p>\n<\/li>\n<li data-start=\"1757\" data-end=\"1811\">\n<p data-start=\"1759\" data-end=\"1811\">about 1.5 to 2.5 m wide at that stage,<\/p>\n<\/li>\n<li data-start=\"1812\" data-end=\"1901\">\n<p data-start=\"1814\" data-end=\"1901\">in the long term, it can form a broader small tree (depending on conditions and training).<\/p>\n<\/li>\n<\/ul>\n<h3 data-start=\"1903\" data-end=\"1917\">Exposure<\/h3>\n<p data-start=\"1919\" data-end=\"2111\">Gentle sun \/ bright partial shade. A sheltered spot protected from dry winds is recommended.<\/p>\n<h3 data-start=\"2412\" data-end=\"2434\">Origin &amp; history<\/h3>\n<p data-start=\"2436\" data-end=\"2787\" class=\"translation-block\">The name is found written as \u2018Sode no uchi\u2019 and \u2018Sode-no-uchi\u2019. Horticultural references are not fully aligned on its attribution: it is generally marketed as Acer sieboldianum, but it has also been reported in the literature as a selection linked to Acer tenuifolium according to some sources.<\/p>","protected":false},"excerpt":{"rendered":"<p>\u2018Sode no uchi\u2019 is an Acer sieboldianum known for its excellent cold hardiness and foliage that is noticeably smaller than the average \u201cfull moon\u201d maple (a fine, delicate look). Light green in spring, it becomes green in summer, then lights up in autumn with a yellow phase, often followed by orange and red tones. An ideal variety for cool-climate gardens, and very interesting in a large container or for bonsai training.<\/p>","protected":false},"featured_media":0,"template":"","meta":{"_seopress_robots_primary_cat":"none","_seopress_titles_title":"Sode no uchi \u2013 Acer sieboldianum | Petit feuillage, tr\u00e8s rustique, automne jaune orang\u00e9","_seopress_titles_desc":"\u2018Sode no uchi\u2019 (Acer sieboldianum) : full moon maple tr\u00e8s rustique \u00e0 petites feuilles, vert clair au printemps, vert en \u00e9t\u00e9, puis automne jaune vif souvent nuanc\u00e9 d\u2019orange et de rouge. Port de petit arbre, env. 2,5\u20133,5 m vers 10\u201315 ans selon conditions. Soleil doux ou mi-ombre, sol drainant et frais.","_seopress_robots_index":"","_kad_post_transparent":"default","_kad_post_title":"","_kad_post_layout":"default","_kad_post_sidebar_id":"","_kad_post_content_style":"default","_kad_post_vertical_padding":"default","_kad_post_feature":"","_kad_post_feature_position":"","_kad_post_header":false,"_kad_post_footer":false,"_kad_post_classname":""},"product_brand":[],"product_cat":[187,18],"product_tag":[],"class_list":{"0":"post-2355","1":"product","2":"type-product","3":"status-publish","5":"product_cat-acer-sieboldianum","6":"product_cat-erables-du-japon","8":"first","9":"instock","10":"shipping-taxable","11":"product-type-variable","12":"entry","13":"content-bg","14":"loop-entry"},"_links":{"self":[{"href":"https:\/\/pepinieredurenard.fr\/en\/wp-json\/wp\/v2\/product\/2355","targetHints":{"allow":["GET"]}}],"collection":[{"href":"https:\/\/pepinieredurenard.fr\/en\/wp-json\/wp\/v2\/product"}],"about":[{"href":"https:\/\/pepinieredurenard.fr\/en\/wp-json\/wp\/v2\/types\/product"}],"wp:attachment":[{"href":"https:\/\/pepinieredurenard.fr\/en\/wp-json\/wp\/v2\/media?parent=2355"}],"wp:term":[{"taxonomy":"product_brand","embeddable":true,"href":"https:\/\/pepinieredurenard.fr\/en\/wp-json\/wp\/v2\/product_brand?post=2355"},{"taxonomy":"product_cat","embeddable":true,"href":"https:\/\/pepinieredurenard.fr\/en\/wp-json\/wp\/v2\/product_cat?post=2355"},{"taxonomy":"product_tag","embeddable":true,"href":"https:\/\/pepinieredurenard.fr\/en\/wp-json\/wp\/v2\/product_tag?post=2355"}],"curies":[{"name":"wp","href":"https:\/\/api.w.org\/{rel}","templated":true}]}}