{"id":2310,"date":"2026-01-27T17:17:22","date_gmt":"2026-01-27T16:17:22","guid":{"rendered":"https:\/\/pepinieredurenard.fr\/?post_type=product&#038;p=2310"},"modified":"2026-02-19T17:44:54","modified_gmt":"2026-02-19T16:44:54","slug":"yama-kage","status":"publish","type":"product","link":"https:\/\/pepinieredurenard.fr\/en\/product\/yama-kage\/","title":{"rendered":"Yama kage"},"content":{"rendered":"<h3 data-start=\"822\" data-end=\"845\">Character &amp; interest<\/h3>\n<p data-start=\"847\" data-end=\"1133\">This cultivar is sought after for the spectacular effect of its oversized foliage: even from a distance, the texture and volume read very clearly. It has the presence of a small tree, with branching that broadens as it ages, and a particularly strong autumn display.<\/p>\n<h3 data-start=\"1135\" data-end=\"1147\">Colours<\/h3>\n<ul data-start=\"1149\" data-end=\"1330\">\n<li data-start=\"1149\" data-end=\"1227\">\n<p data-start=\"1151\" data-end=\"1227\"><strong data-start=\"1151\" data-end=\"1164\">Spring<\/strong> : light green to green (young leaves are often very luminous).<\/p>\n<\/li>\n<li data-start=\"1228\" data-end=\"1262\">\n<p data-start=\"1230\" data-end=\"1262\"><strong data-start=\"1230\" data-end=\"1237\">Summer<\/strong> : deeper green.<\/p>\n<\/li>\n<li data-start=\"1263\" data-end=\"1330\">\n<p data-start=\"1265\" data-end=\"1330\"><strong data-start=\"1265\" data-end=\"1276\">Autumn<\/strong> : orange to bright red (often very vivid).<\/p>\n<\/li>\n<\/ul>\n<h3 data-start=\"1332\" data-end=\"1350\">Habit &amp; vigour<\/h3>\n<p data-start=\"1352\" data-end=\"1533\">Large shrub \/ small tree habit, rather upright at first, then broader with age. Moderate to good vigour: steady growth if the soil stays cool in summer.<\/p>\n<h3 data-start=\"1535\" data-end=\"1561\">Indicative size<\/h3>\n<p data-start=\"1563\" data-end=\"1619\">Observed orders of magnitude depending on sources and training:<\/p>\n<ul data-start=\"1621\" data-end=\"1824\">\n<li data-start=\"1621\" data-end=\"1681\">\n<p data-start=\"1623\" data-end=\"1681\">about 2.5 to 3.5 m tall at around 15 years (often),<\/p>\n<\/li>\n<li data-start=\"1682\" data-end=\"1737\">\n<p data-start=\"1684\" data-end=\"1737\">and about 2.5 to 3 m wide depending on conditions,<\/p>\n<\/li>\n<li data-start=\"1738\" data-end=\"1824\">\n<p data-start=\"1740\" data-end=\"1824\">in a favourable situation, it can form a broader small tree in the very long term.<\/p>\n<\/li>\n<\/ul>\n<h3 data-start=\"1826\" data-end=\"1840\">Exposure<\/h3>\n<p data-start=\"1842\" data-end=\"2131\">Gentle sun \/ bright partial shade. A position sheltered from drying winds is recommended. In hot climates, protection from scorching afternoon sun reduces the risk of leaf scorch.<\/p>\n<h3 data-start=\"2415\" data-end=\"2437\">Origin &amp; history<\/h3>\n<p data-start=\"2439\" data-end=\"2741\" class=\"translation-block\">The name \u2018Yama kage\u2019 is generally translated as \u201cmountain shadow\u201d. Several North American horticultural sources present it as a selection associated with Jim Schmidt and introduced by Don Schmidt Nursery.<\/p>","protected":false},"excerpt":{"rendered":"<p>\u2018Yama kage\u2019 is an Acer japonicum (full moon maple) remarkable for the exceptional size of its leaves, very large and generously cut. The foliage stays green from spring through summer, then the tree transforms late in the season with a flamboyant autumn display, often bright red with orange nuances. A strong-character cultivar for a garden focal point, and an excellent option in a large container if watering is kept up.<\/p>","protected":false},"featured_media":0,"template":"","meta":{"_seopress_robots_primary_cat":"none","_seopress_titles_title":"Yama kage \u2013 Acer japonicum | Feuilles g\u00e9antes \u201cfull moon\u201d, \u00e9t\u00e9 vert, automne rouge-orang\u00e9","_seopress_titles_desc":"\u2018Yama kage\u2019 (Acer japonicum) : full moon maple \u00e0 feuilles g\u00e9antes, vert au printemps et en \u00e9t\u00e9, puis automne orange \u00e0 rouge vif tr\u00e8s lumineux. Port de petit arbre, env. 2,5\u20133,5 m vers 15 ans selon conditions.","_seopress_robots_index":"","_kad_post_transparent":"default","_kad_post_title":"","_kad_post_layout":"default","_kad_post_sidebar_id":"","_kad_post_content_style":"default","_kad_post_vertical_padding":"default","_kad_post_feature":"","_kad_post_feature_position":"","_kad_post_header":false,"_kad_post_footer":false,"_kad_post_classname":""},"product_brand":[],"product_cat":[152,18],"product_tag":[],"class_list":{"0":"post-2310","1":"product","2":"type-product","3":"status-publish","5":"product_cat-acer-japonicum","6":"product_cat-erables-du-japon","8":"first","9":"instock","10":"shipping-taxable","11":"product-type-variable","12":"entry","13":"content-bg","14":"loop-entry"},"_links":{"self":[{"href":"https:\/\/pepinieredurenard.fr\/en\/wp-json\/wp\/v2\/product\/2310","targetHints":{"allow":["GET"]}}],"collection":[{"href":"https:\/\/pepinieredurenard.fr\/en\/wp-json\/wp\/v2\/product"}],"about":[{"href":"https:\/\/pepinieredurenard.fr\/en\/wp-json\/wp\/v2\/types\/product"}],"wp:attachment":[{"href":"https:\/\/pepinieredurenard.fr\/en\/wp-json\/wp\/v2\/media?parent=2310"}],"wp:term":[{"taxonomy":"product_brand","embeddable":true,"href":"https:\/\/pepinieredurenard.fr\/en\/wp-json\/wp\/v2\/product_brand?post=2310"},{"taxonomy":"product_cat","embeddable":true,"href":"https:\/\/pepinieredurenard.fr\/en\/wp-json\/wp\/v2\/product_cat?post=2310"},{"taxonomy":"product_tag","embeddable":true,"href":"https:\/\/pepinieredurenard.fr\/en\/wp-json\/wp\/v2\/product_tag?post=2310"}],"curies":[{"name":"wp","href":"https:\/\/api.w.org\/{rel}","templated":true}]}}