{"id":2307,"date":"2026-01-27T17:03:10","date_gmt":"2026-01-27T16:03:10","guid":{"rendered":"https:\/\/pepinieredurenard.fr\/?post_type=product&#038;p=2307"},"modified":"2026-02-19T16:50:14","modified_gmt":"2026-02-19T15:50:14","slug":"taki-no-gawa","status":"publish","type":"product","link":"https:\/\/pepinieredurenard.fr\/en\/product\/taki-no-gawa\/","title":{"rendered":"Taki no gawa"},"content":{"rendered":"<h3 data-start=\"903\" data-end=\"926\">Character &amp; interest<\/h3>\n<p data-start=\"928\" data-end=\"1220\" class=\"translation-block\">This cultivar first draws attention for its leaf size: large and rounded, typical of \u201cfull moon\u201d Acer japonicum. Over time it forms a large shrub \/ small tree silhouette\u2014rather upright at first, then broader\u2014and stands out for a very bright end-of-season display.<\/p>\n<h3 data-start=\"1222\" data-end=\"1234\">Colours<\/h3>\n<ul data-start=\"1236\" data-end=\"1488\">\n<li data-start=\"1236\" data-end=\"1353\">\n<p data-start=\"1238\" data-end=\"1353\"><strong>Spring<\/strong> : green at budbreak, often with an orange tint (variable depending on exposure and cool conditions).<\/p>\n<\/li>\n<li data-start=\"1354\" data-end=\"1418\">\n<p data-start=\"1356\" data-end=\"1418\"><strong>Summer<\/strong> : green to darker green, with fully settled foliage.<\/p>\n<\/li>\n<li data-start=\"1419\" data-end=\"1488\">\n<p data-start=\"1421\" data-end=\"1488\"><strong>Autumn<\/strong> : orange to bright red (often very eye-catching).<\/p>\n<\/li>\n<\/ul>\n<h3 data-start=\"1490\" data-end=\"1508\">Habit &amp; vigour<\/h3>\n<p data-start=\"1510\" data-end=\"1675\">Upright habit, then a broad crown with age. Moderate to good vigour: steady growth if the soil stays cool in summer, especially when planted in the ground.<\/p>\n<h3 data-start=\"1677\" data-end=\"1703\">Indicative size<\/h3>\n<p data-start=\"1705\" data-end=\"1761\">Observed orders of magnitude depending on sources and training:<\/p>\n<ul data-start=\"1763\" data-end=\"1993\">\n<li data-start=\"1763\" data-end=\"1830\">\n<p data-start=\"1765\" data-end=\"1830\">around 1 to 2 m at about 10 years (often), depending on conditions,<\/p>\n<\/li>\n<li data-start=\"1831\" data-end=\"1907\">\n<p data-start=\"1833\" data-end=\"1907\">with a possible rise to 4 to 5 m at around 20 years in the ground,<\/p>\n<\/li>\n<li data-start=\"1908\" data-end=\"1993\">\n<p data-start=\"1910\" data-end=\"1993\">in the long run, it can form a broader small tree (local conditions matter).<\/p>\n<\/li>\n<\/ul>\n<h3 data-start=\"1995\" data-end=\"2009\">Exposure<\/h3>\n<p data-start=\"2011\" data-end=\"2276\">Bright partial shade or gentle sun. A position sheltered from drying winds is recommended. Full sun is possible if the soil remains free-draining but cool in summer (avoid scorching exposures in hot climates).<\/p>","protected":false},"excerpt":{"rendered":"<p>\u2018Taki no gawa\u2019 is an Acer japonicum (full moon maple) sought after for its exceptionally large, very rounded leaves, giving an almost \u201ctropical\u201d look in the garden. The foliage opens green in spring, sometimes with an orange nuance, becomes a deeper green in summer, then delivers a spectacular autumn display ranging from orange to bright red. An excellent choice as a specimen or in a large container, for strong presence without becoming a giant.<\/p>","protected":false},"featured_media":0,"template":"","meta":{"_seopress_robots_primary_cat":"none","_seopress_titles_title":"Taki no gawa \u2013 Acer japonicum | Grandes feuilles \u201cfull moon\u201d, \u00e9t\u00e9 vert, automne orange \u00e0 rouge","_seopress_titles_desc":"\u2018Taki no gawa\u2019 (Acer japonicum) : full moon maple \u00e0 tr\u00e8s grandes feuilles arrondies, vert au printemps et en \u00e9t\u00e9 (nuance orang\u00e9e possible au d\u00e9bourrement), puis superbe automne orange \u00e0 rouge vif. Port \u00e9rig\u00e9 puis ample, env. 1\u20132 m vers 10 ans, 4\u20135 m vers 20 ans selon conditions. Soleil doux ou mi-ombre lumineuse, sol drainant et frais.","_seopress_robots_index":"","_kad_post_transparent":"default","_kad_post_title":"","_kad_post_layout":"default","_kad_post_sidebar_id":"","_kad_post_content_style":"default","_kad_post_vertical_padding":"default","_kad_post_feature":"","_kad_post_feature_position":"","_kad_post_header":false,"_kad_post_footer":false,"_kad_post_classname":""},"product_brand":[],"product_cat":[152,18],"product_tag":[],"class_list":{"0":"post-2307","1":"product","2":"type-product","3":"status-publish","5":"product_cat-acer-japonicum","6":"product_cat-erables-du-japon","8":"first","9":"instock","10":"shipping-taxable","11":"product-type-variable","12":"entry","13":"content-bg","14":"loop-entry"},"_links":{"self":[{"href":"https:\/\/pepinieredurenard.fr\/en\/wp-json\/wp\/v2\/product\/2307","targetHints":{"allow":["GET"]}}],"collection":[{"href":"https:\/\/pepinieredurenard.fr\/en\/wp-json\/wp\/v2\/product"}],"about":[{"href":"https:\/\/pepinieredurenard.fr\/en\/wp-json\/wp\/v2\/types\/product"}],"wp:attachment":[{"href":"https:\/\/pepinieredurenard.fr\/en\/wp-json\/wp\/v2\/media?parent=2307"}],"wp:term":[{"taxonomy":"product_brand","embeddable":true,"href":"https:\/\/pepinieredurenard.fr\/en\/wp-json\/wp\/v2\/product_brand?post=2307"},{"taxonomy":"product_cat","embeddable":true,"href":"https:\/\/pepinieredurenard.fr\/en\/wp-json\/wp\/v2\/product_cat?post=2307"},{"taxonomy":"product_tag","embeddable":true,"href":"https:\/\/pepinieredurenard.fr\/en\/wp-json\/wp\/v2\/product_tag?post=2307"}],"curies":[{"name":"wp","href":"https:\/\/api.w.org\/{rel}","templated":true}]}}