{"id":2301,"date":"2026-01-27T14:01:35","date_gmt":"2026-01-27T13:01:35","guid":{"rendered":"https:\/\/pepinieredurenard.fr\/?post_type=product&#038;p=2301"},"modified":"2026-02-19T17:35:05","modified_gmt":"2026-02-19T16:35:05","slug":"vitifolium","status":"publish","type":"product","link":"https:\/\/pepinieredurenard.fr\/en\/product\/vitifolium\/","title":{"rendered":"Vitifolium"},"content":{"rendered":"<h3 data-start=\"857\" data-end=\"880\">Character &amp; interest<\/h3>\n<p data-start=\"882\" data-end=\"962\">\u2018Vitifolium\u2019 is a great classic among \u201cfull moon maples\u201d for two reasons:<\/p>\n<ol data-start=\"963\" data-end=\"1139\">\n<li data-start=\"963\" data-end=\"1034\">\n<p data-start=\"966\" data-end=\"1034\">the texture and volume of its leaves\u2014broad and graphic,<\/p>\n<\/li>\n<li data-start=\"1035\" data-end=\"1139\">\n<p data-start=\"1038\" data-end=\"1139\">a very readable and often spectacular autumn colour, with warm and deep tones.<\/p>\n<\/li>\n<\/ol>\n<p data-start=\"1141\" data-end=\"1269\">It is particularly suitable if you want a Japanese maple that really has presence in the garden, without requiring complicated pruning.<\/p>\n<h3 data-start=\"1271\" data-end=\"1283\">Colours<\/h3>\n<ul data-start=\"1285\" data-end=\"1550\">\n<li data-start=\"1285\" data-end=\"1371\">\n<p data-start=\"1287\" data-end=\"1371\"><strong>Spring<\/strong> : light green (often with a bronze nuance at budbreak).<\/p>\n<\/li>\n<li data-start=\"1372\" data-end=\"1410\">\n<p data-start=\"1374\" data-end=\"1410\"><strong>Summer<\/strong> : green to dark green.<\/p>\n<\/li>\n<li data-start=\"1411\" data-end=\"1550\">\n<p data-start=\"1413\" data-end=\"1550\"><strong>Autumn<\/strong> : a wide palette, often purple\/violet, crimson, orange (sometimes with a yellow phase depending on conditions).<\/p>\n<\/li>\n<\/ul>\n<h3 data-start=\"1552\" data-end=\"1570\">Habit &amp; vigour<\/h3>\n<p data-start=\"1572\" data-end=\"1767\">Bushy habit at first, then a small tree with a strong framework, often multi-stemmed. Good vigour: it establishes well in the ground and, over time, forms a broad, well-balanced crown.<\/p>\n<h3 data-start=\"1769\" data-end=\"1795\">Indicative size<\/h3>\n<p data-start=\"1797\" data-end=\"1853\">Observed orders of magnitude depending on sources and training:<\/p>\n<ul data-start=\"1855\" data-end=\"2080\">\n<li data-start=\"1855\" data-end=\"1909\">\n<p data-start=\"1857\" data-end=\"1909\">often around 3 to 4.5 m tall and wide,<\/p>\n<\/li>\n<li data-start=\"1910\" data-end=\"2018\">\n<p data-start=\"1912\" data-end=\"2018\">some references give 5 to 6 m (or more in the very long term under ideal conditions),<\/p>\n<\/li>\n<li data-start=\"2019\" data-end=\"2080\">\n<p data-start=\"2021\" data-end=\"2080\">several catalogues indicate about 4 m at around 10 years.<\/p>\n<\/li>\n<\/ul>\n<h3 data-start=\"2082\" data-end=\"2096\">Exposure<\/h3>\n<p data-start=\"2098\" data-end=\"2372\">Bright partial shade or gentle sun. A sheltered position (dry winds, scorching afternoon sun) limits leaf scorch and helps maintain good summer foliage.<\/p>\n<h3 data-start=\"2707\" data-end=\"2729\">Origin &amp; history<\/h3>\n<p data-start=\"2731\" data-end=\"3055\">The name \u2018Vitifolium\u2019 literally means \u201cwith vine leaves\u201d, referring to the leaf shape (large, rounded, shallow lobes). It is a widely distributed horticultural selection of Acer japonicum, recognised for its autumn colours and awarded the RHS Award of Garden Merit (AGM).<\/p>","protected":false},"excerpt":{"rendered":"<p data-start=\"378\" data-end=\"827\">\u2018Vitifolium\u2019 is a remarkable Acer japonicum, noted for its very large, rounded leaves with shallow lobes, often compared to a grape leaf. Light green in spring (sometimes lightly bronzed), it becomes a richer green in summer, then delivers a very intense autumn display mixing purple, crimson and orange. Vigorous and well structured, it forms a superb accent small tree, just as decorative up close as it is from a distance.<\/p>","protected":false},"featured_media":0,"template":"","meta":{"_seopress_robots_primary_cat":"none","_seopress_titles_title":"Vitifolium \u2013 Acer japonicum | Grandes feuilles \u201cvigne\u201d, \u00e9t\u00e9 vert, automne pourpre cramoisi orange (AGM RHS)","_seopress_titles_desc":"\u2018Vitifolium\u2019 (Acer japonicum) : full moon maple \u00e0 grandes feuilles rappelant la vigne. Vert clair au printemps (souvent bronze), vert en \u00e9t\u00e9, puis automne spectaculaire pourpre, cramoisi et orange. Port vigoureux, env. 3\u20136 m selon conditions (souvent ~4 m vers 10 ans). Soleil doux ou mi-ombre lumineuse, sol drainant et frais.","_seopress_robots_index":"","_kad_post_transparent":"default","_kad_post_title":"","_kad_post_layout":"default","_kad_post_sidebar_id":"","_kad_post_content_style":"default","_kad_post_vertical_padding":"default","_kad_post_feature":"","_kad_post_feature_position":"","_kad_post_header":false,"_kad_post_footer":false,"_kad_post_classname":""},"product_brand":[],"product_cat":[152,18],"product_tag":[],"class_list":{"0":"post-2301","1":"product","2":"type-product","3":"status-publish","5":"product_cat-acer-japonicum","6":"product_cat-erables-du-japon","8":"first","9":"instock","10":"shipping-taxable","11":"product-type-variable","12":"entry","13":"content-bg","14":"loop-entry"},"_links":{"self":[{"href":"https:\/\/pepinieredurenard.fr\/en\/wp-json\/wp\/v2\/product\/2301","targetHints":{"allow":["GET"]}}],"collection":[{"href":"https:\/\/pepinieredurenard.fr\/en\/wp-json\/wp\/v2\/product"}],"about":[{"href":"https:\/\/pepinieredurenard.fr\/en\/wp-json\/wp\/v2\/types\/product"}],"wp:attachment":[{"href":"https:\/\/pepinieredurenard.fr\/en\/wp-json\/wp\/v2\/media?parent=2301"}],"wp:term":[{"taxonomy":"product_brand","embeddable":true,"href":"https:\/\/pepinieredurenard.fr\/en\/wp-json\/wp\/v2\/product_brand?post=2301"},{"taxonomy":"product_cat","embeddable":true,"href":"https:\/\/pepinieredurenard.fr\/en\/wp-json\/wp\/v2\/product_cat?post=2301"},{"taxonomy":"product_tag","embeddable":true,"href":"https:\/\/pepinieredurenard.fr\/en\/wp-json\/wp\/v2\/product_tag?post=2301"}],"curies":[{"name":"wp","href":"https:\/\/api.w.org\/{rel}","templated":true}]}}