{"id":2242,"date":"2026-01-26T10:08:08","date_gmt":"2026-01-26T09:08:08","guid":{"rendered":"https:\/\/pepinieredurenard.fr\/?post_type=product&#038;p=2242"},"modified":"2026-02-18T09:45:14","modified_gmt":"2026-02-18T08:45:14","slug":"9001","status":"publish","type":"product","link":"https:\/\/pepinieredurenard.fr\/en\/product\/9001\/","title":{"rendered":"9001"},"content":{"rendered":"<h3 data-start=\"885\" data-end=\"908\">Character &amp; interest<\/h3>\n<p data-start=\"910\" data-end=\"1264\">\u20189001\u2019 combines a delicate spring display with a real autumn highlight. It is also sought after for its \u201cbonus\u201d interest: red samaras, which extend the plant\u2019s appeal well before autumn colouring. It is ideal in a garden scene where you want colour at several times of the year without having permanent red foliage.<\/p>\n<h3 data-start=\"1266\" data-end=\"1278\">Colours<\/h3>\n<ul data-start=\"1280\" data-end=\"1572\">\n<li data-start=\"1280\" data-end=\"1395\">\n<p data-start=\"1282\" data-end=\"1395\"><strong>Spring<\/strong> : pink-red (often described as \u201crosy\u201d) with green veins or a greener centre.<\/p>\n<\/li>\n<li data-start=\"1396\" data-end=\"1434\">\n<p data-start=\"1398\" data-end=\"1434\"><strong>Summer<\/strong> : green to olive green.<\/p>\n<\/li>\n<li data-start=\"1435\" data-end=\"1572\">\n<p data-start=\"1437\" data-end=\"1572\"><strong>Autumn<\/strong> : turning to bright red \/ fiery red, sometimes with a bronze-yellow to orange phase before reaching full intensity.<\/p>\n<\/li>\n<\/ul>\n<h3 data-start=\"1574\" data-end=\"1592\">Habit &amp; vigour<\/h3>\n<p data-start=\"1594\" data-end=\"1785\">Upright habit at first, then more natural and balanced with age. Moderate vigour: it can form a beautiful small tree in the ground, while remaining manageable in a container if watering is kept up.<\/p>\n<h3 data-start=\"1787\" data-end=\"1813\">Indicative size<\/h3>\n<p data-start=\"1815\" data-end=\"1871\">Observed orders of magnitude depending on sources and training:<\/p>\n<ul data-start=\"1873\" data-end=\"1969\">\n<li data-start=\"1873\" data-end=\"1921\">\n<p data-start=\"1875\" data-end=\"1921\">often listed at around 4 to 5 m tall,<\/p>\n<\/li>\n<li data-start=\"1922\" data-end=\"1969\">\n<p data-start=\"1924\" data-end=\"1969\">for about 3 to 4 m wide at maturity.<\/p>\n<\/li>\n<\/ul>\n<h3 data-start=\"1971\" data-end=\"1985\">Exposure<\/h3>\n<p data-start=\"1987\" data-end=\"2230\">Gentle sun \/ bright partial shade. A sheltered position away from drying winds helps keep the foliage clean.<\/p>","protected":false},"excerpt":{"rendered":"<p data-start=\"410\" data-end=\"855\">\u20189001\u2019 is a Japanese maple appreciated for its subtle spring colours (pink-red with green veining), its green summer foliage, then its spectacular autumn transformation into fiery red. A very notable feature: its fruiting (samaras), often red and particularly decorative from mid-summer onwards. A great cultivar for the garden as well as for a large pot, in gentle sun or bright partial shade.<\/p>","protected":false},"featured_media":0,"template":"","meta":{"_seopress_robots_primary_cat":"none","_seopress_titles_title":"9001 \u2013 Acer palmatum | Printemps ros\u00e9 nervur\u00e9, samares rouges d\u00e9coratives, automne rouge feu","_seopress_titles_desc":"\u20189001\u2019 : \u00e9rable du Japon au printemps rose-rouge nervur\u00e9 de vert, \u00e9t\u00e9 vert\/olive, puis superbe automne rouge feu. Fructification souvent tr\u00e8s d\u00e9corative avec samares rouges d\u00e8s l\u2019\u00e9t\u00e9. Port \u00e9rig\u00e9, 4\u20135 m \u00e0 maturit\u00e9 selon conditions. Soleil doux ou mi-ombre lumineuse, sol drainant et frais.","_seopress_robots_index":"","_kad_post_transparent":"default","_kad_post_title":"","_kad_post_layout":"default","_kad_post_sidebar_id":"","_kad_post_content_style":"default","_kad_post_vertical_padding":"default","_kad_post_feature":"","_kad_post_feature_position":"","_kad_post_header":false,"_kad_post_footer":false,"_kad_post_classname":""},"product_brand":[],"product_cat":[151,18],"product_tag":[],"class_list":{"0":"post-2242","1":"product","2":"type-product","3":"status-publish","5":"product_cat-acer-palmatum","6":"product_cat-erables-du-japon","8":"first","9":"instock","10":"shipping-taxable","11":"product-type-variable","12":"entry","13":"content-bg","14":"loop-entry"},"_links":{"self":[{"href":"https:\/\/pepinieredurenard.fr\/en\/wp-json\/wp\/v2\/product\/2242","targetHints":{"allow":["GET"]}}],"collection":[{"href":"https:\/\/pepinieredurenard.fr\/en\/wp-json\/wp\/v2\/product"}],"about":[{"href":"https:\/\/pepinieredurenard.fr\/en\/wp-json\/wp\/v2\/types\/product"}],"wp:attachment":[{"href":"https:\/\/pepinieredurenard.fr\/en\/wp-json\/wp\/v2\/media?parent=2242"}],"wp:term":[{"taxonomy":"product_brand","embeddable":true,"href":"https:\/\/pepinieredurenard.fr\/en\/wp-json\/wp\/v2\/product_brand?post=2242"},{"taxonomy":"product_cat","embeddable":true,"href":"https:\/\/pepinieredurenard.fr\/en\/wp-json\/wp\/v2\/product_cat?post=2242"},{"taxonomy":"product_tag","embeddable":true,"href":"https:\/\/pepinieredurenard.fr\/en\/wp-json\/wp\/v2\/product_tag?post=2242"}],"curies":[{"name":"wp","href":"https:\/\/api.w.org\/{rel}","templated":true}]}}