{"id":2188,"date":"2026-01-24T10:06:48","date_gmt":"2026-01-24T09:06:48","guid":{"rendered":"https:\/\/pepinieredurenard.fr\/?post_type=product&#038;p=2188"},"modified":"2026-02-19T16:46:51","modified_gmt":"2026-02-19T15:46:51","slug":"swamp-thing","status":"publish","type":"product","link":"https:\/\/pepinieredurenard.fr\/en\/product\/swamp-thing\/","title":{"rendered":"Swamp thing"},"content":{"rendered":"<h3 data-start=\"622\" data-end=\"645\">Character &amp; interest<\/h3>\n<p data-start=\"647\" data-end=\"898\">\u2018Swamp Thing\u2019 stands out for bronze-toned foliage and a bright end of season in orange\/yellow shades. Its moderate growth makes it a good candidate for smaller spaces, well-kept beds, or collections.<\/p>\n<h3 data-start=\"900\" data-end=\"912\">Colours<\/h3>\n<ul data-start=\"914\" data-end=\"1097\">\n<li data-start=\"914\" data-end=\"1024\">\n<p data-start=\"916\" data-end=\"1024\"><strong>Growing season<\/strong> : bronze-brown tones (nuances vary with exposure and how cool the soil stays).<\/p>\n<\/li>\n<li data-start=\"1025\" data-end=\"1097\">\n<p data-start=\"1027\" data-end=\"1097\"><strong>Autumn<\/strong> : orange to yellow (range announced in these tones).<\/p>\n<\/li>\n<\/ul>\n<h3 data-start=\"1099\" data-end=\"1117\">Habit &amp; vigour<\/h3>\n<p data-start=\"1119\" data-end=\"1260\">Compact Japanese maple habit. Available indications suggest rather moderate growth and an easy-to-place silhouette.<\/p>\n<h3 data-start=\"1262\" data-end=\"1288\">Indicative size<\/h3>\n<p data-start=\"1290\" data-end=\"1329\">Approximate size given at 10 years:<\/p>\n<ul data-start=\"1331\" data-end=\"1363\">\n<li data-start=\"1331\" data-end=\"1363\">\n<p data-start=\"1333\" data-end=\"1363\">about 1.25 m tall.<\/p>\n<\/li>\n<\/ul>\n<p data-start=\"1365\" data-end=\"1463\">(Adult size may vary depending on climate, soil, training, and the vigour of the grafted plant.)<\/p>\n<h3 data-start=\"1465\" data-end=\"1479\">Exposure<\/h3>\n<p data-start=\"1481\" data-end=\"1730\">Bright partial shade or gentle sun (morning\/evening), sheltered from drying winds. Free-draining soil that stays cool in summer: this is often the key to keeping clean foliage and consistent colour.<\/p>\n<h3 data-start=\"0\" data-end=\"22\">Origin &amp; history<\/h3>\n<p data-start=\"24\" data-end=\"447\">Swamp thing is a selection from the Nichols brothers (MrMaple).<\/p>","protected":false},"excerpt":{"rendered":"<p>\u2018Swamp Thing\u2019 is a compact Japanese maple, appreciated for its bronze-brown tones during the growing season and its autumn colour in an orange-to-yellow range. An interesting variety to create a warm atmosphere in the garden or in a pot, especially if you\u2019re looking for a palmatum that doesn\u2019t take up too much space.<\/p>","protected":false},"featured_media":0,"template":"","meta":{"_seopress_robots_primary_cat":"none","_seopress_titles_title":"Swamp Thing \u2013 Acer palmatum | Feuillage bronze, automne orange-jaune, petit d\u00e9veloppement","_seopress_titles_desc":"\u2018Swamp Thing\u2019 : \u00e9rable du Japon (Acer palmatum) de format contenu, au feuillage brun bronze en saison et \u00e0 belle coloration automnale orange-jaune. Id\u00e9al en pot ou petit jardin, en soleil doux ou mi-ombre lumineuse.","_seopress_robots_index":"","_kad_post_transparent":"default","_kad_post_title":"","_kad_post_layout":"default","_kad_post_sidebar_id":"","_kad_post_content_style":"default","_kad_post_vertical_padding":"default","_kad_post_feature":"","_kad_post_feature_position":"","_kad_post_header":false,"_kad_post_footer":false,"_kad_post_classname":""},"product_brand":[],"product_cat":[151,18],"product_tag":[],"class_list":{"0":"post-2188","1":"product","2":"type-product","3":"status-publish","5":"product_cat-acer-palmatum","6":"product_cat-erables-du-japon","8":"first","9":"instock","10":"shipping-taxable","11":"product-type-variable","12":"entry","13":"content-bg","14":"loop-entry"},"_links":{"self":[{"href":"https:\/\/pepinieredurenard.fr\/en\/wp-json\/wp\/v2\/product\/2188","targetHints":{"allow":["GET"]}}],"collection":[{"href":"https:\/\/pepinieredurenard.fr\/en\/wp-json\/wp\/v2\/product"}],"about":[{"href":"https:\/\/pepinieredurenard.fr\/en\/wp-json\/wp\/v2\/types\/product"}],"wp:attachment":[{"href":"https:\/\/pepinieredurenard.fr\/en\/wp-json\/wp\/v2\/media?parent=2188"}],"wp:term":[{"taxonomy":"product_brand","embeddable":true,"href":"https:\/\/pepinieredurenard.fr\/en\/wp-json\/wp\/v2\/product_brand?post=2188"},{"taxonomy":"product_cat","embeddable":true,"href":"https:\/\/pepinieredurenard.fr\/en\/wp-json\/wp\/v2\/product_cat?post=2188"},{"taxonomy":"product_tag","embeddable":true,"href":"https:\/\/pepinieredurenard.fr\/en\/wp-json\/wp\/v2\/product_tag?post=2188"}],"curies":[{"name":"wp","href":"https:\/\/api.w.org\/{rel}","templated":true}]}}