{"id":2116,"date":"2026-01-23T15:59:26","date_gmt":"2026-01-23T14:59:26","guid":{"rendered":"https:\/\/pepinieredurenard.fr\/?post_type=product&#038;p=2116"},"modified":"2026-02-19T13:51:26","modified_gmt":"2026-02-19T12:51:26","slug":"satsuki-beni","status":"publish","type":"product","link":"https:\/\/pepinieredurenard.fr\/en\/product\/satsuki-beni\/","title":{"rendered":"Satsuki beni"},"content":{"rendered":"<h3 data-start=\"785\" data-end=\"808\">Character &amp; interest<\/h3>\n<p data-start=\"810\" data-end=\"1134\">\u2018Satsuki beni\u2019 is a \u201cgreen\u201d maple that never feels ordinary: at flush, the leaves show a red-tipped effect (often concentrated at the end of the lobes) that immediately catches the eye. Then the plant settles into a solid green summer canopy, before delivering a very colourful autumn finale.<\/p>\n<h3 data-start=\"1136\" data-end=\"1158\">Colours<\/h3>\n<ul data-start=\"1160\" data-end=\"1519\">\n<li data-start=\"1160\" data-end=\"1301\">\n<p data-start=\"1162\" data-end=\"1301\"><strong>Spring<\/strong> : new leaves yellow-green \/ chartreuse with red tips (sometimes carmine to bright red depending on conditions).<\/p>\n<\/li>\n<li data-start=\"1302\" data-end=\"1419\">\n<p data-start=\"1304\" data-end=\"1419\"><strong>Summer<\/strong> : green (often deeper), sometimes with lingering reddish tips on certain leaves.<\/p>\n<\/li>\n<li data-start=\"1420\" data-end=\"1519\">\n<p data-start=\"1422\" data-end=\"1519\"><strong>Autumn<\/strong> : very decorative colours: flame, crimson, sometimes gold and orange.<\/p>\n<\/li>\n<\/ul>\n<h3 data-start=\"1521\" data-end=\"1539\">Habit &amp; vigour<\/h3>\n<p data-start=\"1541\" data-end=\"1664\">Upright habit, often with dense branching. Good vigour once established, with a steady increase in size over time.<\/p>\n<h3 data-start=\"1666\" data-end=\"1692\">Indicative size<\/h3>\n<p data-start=\"1694\" data-end=\"1769\">Figures vary depending on references and growing conditions:<\/p>\n<ul data-start=\"1771\" data-end=\"1956\">\n<li data-start=\"1771\" data-end=\"1829\">\n<p data-start=\"1773\" data-end=\"1829\">common order of magnitude: about 2.5 m at 10 years;<\/p>\n<\/li>\n<li data-start=\"1830\" data-end=\"1956\">\n<p data-start=\"1832\" data-end=\"1956\">in the long term, it can become a larger small tree (some descriptions give up to about 8 m).<\/p>\n<\/li>\n<\/ul>\n<h3 data-start=\"1958\" data-end=\"1981\">Exposure<\/h3>\n<p data-start=\"1983\" data-end=\"2260\">Gentle sun \/ bright partial shade. Light enhances the intensity of spring and autumn colours. In a hot climate or in a container, protection from scorching sun and dry wind improves foliage quality.<\/p>\n<h3 data-start=\"2522\" data-end=\"2557\">Origin &amp; history<\/h3>\n<p data-start=\"2559\" data-end=\"2756\">The cultivar is generally presented as Japanese and often linked to the Acer amoenum f. latilobatum type. Horticultural sources indicate an introduction in Japan around 1975.<\/p>","protected":false},"excerpt":{"rendered":"<p>\u2018Satsuki beni\u2019 is a Japanese maple with large green leaves (amoenum-type), prized for its spring contrast: new growth often emerges yellow-green to chartreuse, with very visible red tips or a fine red edging, then the foliage turns green in summer. In autumn, the tree transforms with flame and crimson tones, sometimes gold and orange. An elegant cultivar with strong garden presence.<\/p>","protected":false},"featured_media":0,"template":"","meta":{"_seopress_robots_primary_cat":"none","_seopress_titles_title":"Satsuki beni \u2013 Acer palmatum | Grandes feuilles vertes, pointes rouges au printemps, automne flamme et cramoisi","_seopress_titles_desc":"\u2018Satsuki beni\u2019 : \u00e9rable du Japon type amoenum \u00e0 grandes feuilles. Nouvelles pousses jaune-vert \u00e0 chartreuse avec pointes rouges au printemps, \u00e9t\u00e9 vert, puis automne spectaculaire en flamme et cramoisi (parfois or\/orange). Port \u00e9rig\u00e9, belle pr\u00e9sence au jardin.","_seopress_robots_index":"","_kad_post_transparent":"default","_kad_post_title":"","_kad_post_layout":"default","_kad_post_sidebar_id":"","_kad_post_content_style":"default","_kad_post_vertical_padding":"default","_kad_post_feature":"","_kad_post_feature_position":"","_kad_post_header":false,"_kad_post_footer":false,"_kad_post_classname":""},"product_brand":[],"product_cat":[151,18],"product_tag":[],"class_list":{"0":"post-2116","1":"product","2":"type-product","3":"status-publish","5":"product_cat-acer-palmatum","6":"product_cat-erables-du-japon","8":"first","9":"instock","10":"shipping-taxable","11":"product-type-variable","12":"entry","13":"content-bg","14":"loop-entry"},"_links":{"self":[{"href":"https:\/\/pepinieredurenard.fr\/en\/wp-json\/wp\/v2\/product\/2116","targetHints":{"allow":["GET"]}}],"collection":[{"href":"https:\/\/pepinieredurenard.fr\/en\/wp-json\/wp\/v2\/product"}],"about":[{"href":"https:\/\/pepinieredurenard.fr\/en\/wp-json\/wp\/v2\/types\/product"}],"wp:attachment":[{"href":"https:\/\/pepinieredurenard.fr\/en\/wp-json\/wp\/v2\/media?parent=2116"}],"wp:term":[{"taxonomy":"product_brand","embeddable":true,"href":"https:\/\/pepinieredurenard.fr\/en\/wp-json\/wp\/v2\/product_brand?post=2116"},{"taxonomy":"product_cat","embeddable":true,"href":"https:\/\/pepinieredurenard.fr\/en\/wp-json\/wp\/v2\/product_cat?post=2116"},{"taxonomy":"product_tag","embeddable":true,"href":"https:\/\/pepinieredurenard.fr\/en\/wp-json\/wp\/v2\/product_tag?post=2116"}],"curies":[{"name":"wp","href":"https:\/\/api.w.org\/{rel}","templated":true}]}}