{"id":2107,"date":"2026-01-23T15:46:16","date_gmt":"2026-01-23T14:46:16","guid":{"rendered":"https:\/\/pepinieredurenard.fr\/?post_type=product&#038;p=2107"},"modified":"2026-02-19T13:47:32","modified_gmt":"2026-02-19T12:47:32","slug":"sagara-nishiki","status":"publish","type":"product","link":"https:\/\/pepinieredurenard.fr\/en\/product\/sagara-nishiki\/","title":{"rendered":"Sagara nishiki"},"content":{"rendered":"<h3 data-start=\"720\" data-end=\"743\">Character &amp; interest<\/h3>\n<p data-start=\"745\" data-end=\"1018\">\u2018Sagara nishiki\u2019 brings a soft light, without the \u201cpure white\u201d effect of some variegates. The variegation can be very expressive in some years, with a golden-dust effect visible even from a distance. A collector cultivar, decorative over a long period.<\/p>\n<h3 data-start=\"1020\" data-end=\"1042\">Colours<\/h3>\n<ul data-start=\"1044\" data-end=\"1334\">\n<li data-start=\"1044\" data-end=\"1146\">\n<p data-start=\"1046\" data-end=\"1146\"><strong>Spring<\/strong> : soft green; margins may flush pink; variegation is often already visible.<\/p>\n<\/li>\n<li data-start=\"1147\" data-end=\"1255\">\n<p data-start=\"1149\" data-end=\"1255\"><strong>Summer<\/strong> : deeper green; yellow\/cream variegation (often marginal, sometimes as splashes).<\/p>\n<\/li>\n<li data-start=\"1256\" data-end=\"1334\">\n<p data-start=\"1258\" data-end=\"1334\"><strong>Autumn<\/strong> : yellow to orange, sometimes orange-red depending on conditions.<\/p>\n<\/li>\n<\/ul>\n<h3 data-start=\"1336\" data-end=\"1354\">Habit &amp; vigour<\/h3>\n<p data-start=\"1356\" data-end=\"1437\">Bushy habit, upright and compact. Moderate, steady vigour.<\/p>\n<h3 data-start=\"1439\" data-end=\"1465\">Indicative size<\/h3>\n<p data-start=\"1467\" data-end=\"1659\">Order of magnitude: around 1.5 m at about 10 years in several growing situations. Ultimately, it is often given around 2 to 3 m (about 2 m spread), variable depending on soil, climate and training.<\/p>\n<h3 data-start=\"1661\" data-end=\"1684\">Exposure<\/h3>\n<p data-start=\"1686\" data-end=\"1929\">Bright partial shade is recommended, or gentle sun. Protection from hot afternoon sun helps preserve the variegation and foliage quality, especially in a container.<\/p>","protected":false},"excerpt":{"rendered":"<p>\u2018Sagara nishiki\u2019 is a luminous variegated Japanese maple, with green foliage highlighted with yellow to cream\u2014often concentrated along the margins, but it can also appear as speckling across the blade. In spring, the young leaves may show a pinkish tint along the edges. In autumn, the colour shifts towards yellow to orange tones, sometimes orange-red. Upright, compact habit; excellent in a container.<\/p>","protected":false},"featured_media":0,"template":"","meta":{"_seopress_robots_primary_cat":"none","_seopress_titles_title":"Sagara nishiki \u2013 Acer palmatum | Panach\u00e9 jaune et cr\u00e8me, port compact, automne jaune-orang\u00e9","_seopress_titles_desc":"\u2018Sagara nishiki\u2019 : \u00e9rable du Japon panach\u00e9, feuillage vert rehauss\u00e9 de jaune \u00e0 cr\u00e8me (souvent en bordure, parfois en mouchetures). D\u00e9bourrement parfois ros\u00e9, port compact \u00e9rig\u00e9, id\u00e9al en pot. Automne jaune \u00e0 orange, parfois rouge-orang\u00e9. \u00c0 placer en mi-ombre lumineuse.","_seopress_robots_index":"","_kad_post_transparent":"default","_kad_post_title":"","_kad_post_layout":"default","_kad_post_sidebar_id":"","_kad_post_content_style":"default","_kad_post_vertical_padding":"default","_kad_post_feature":"","_kad_post_feature_position":"","_kad_post_header":false,"_kad_post_footer":false,"_kad_post_classname":""},"product_brand":[],"product_cat":[151,18],"product_tag":[],"class_list":{"0":"post-2107","1":"product","2":"type-product","3":"status-publish","5":"product_cat-acer-palmatum","6":"product_cat-erables-du-japon","8":"first","9":"instock","10":"shipping-taxable","11":"product-type-variable","12":"entry","13":"content-bg","14":"loop-entry"},"_links":{"self":[{"href":"https:\/\/pepinieredurenard.fr\/en\/wp-json\/wp\/v2\/product\/2107","targetHints":{"allow":["GET"]}}],"collection":[{"href":"https:\/\/pepinieredurenard.fr\/en\/wp-json\/wp\/v2\/product"}],"about":[{"href":"https:\/\/pepinieredurenard.fr\/en\/wp-json\/wp\/v2\/types\/product"}],"wp:attachment":[{"href":"https:\/\/pepinieredurenard.fr\/en\/wp-json\/wp\/v2\/media?parent=2107"}],"wp:term":[{"taxonomy":"product_brand","embeddable":true,"href":"https:\/\/pepinieredurenard.fr\/en\/wp-json\/wp\/v2\/product_brand?post=2107"},{"taxonomy":"product_cat","embeddable":true,"href":"https:\/\/pepinieredurenard.fr\/en\/wp-json\/wp\/v2\/product_cat?post=2107"},{"taxonomy":"product_tag","embeddable":true,"href":"https:\/\/pepinieredurenard.fr\/en\/wp-json\/wp\/v2\/product_tag?post=2107"}],"curies":[{"name":"wp","href":"https:\/\/api.w.org\/{rel}","templated":true}]}}