{"id":2083,"date":"2026-01-23T14:50:23","date_gmt":"2026-01-23T13:50:23","guid":{"rendered":"https:\/\/pepinieredurenard.fr\/?post_type=product&#038;p=2083"},"modified":"2026-02-19T10:19:23","modified_gmt":"2026-02-19T09:19:23","slug":"red-dragon","status":"publish","type":"product","link":"https:\/\/pepinieredurenard.fr\/en\/product\/red-dragon\/","title":{"rendered":"Red dragon"},"content":{"rendered":"<h3 data-start=\"680\" data-end=\"703\">Character &amp; interest<\/h3>\n<p data-start=\"705\" data-end=\"778\">\u2018Red Dragon\u2019 combines two qualities that are highly sought after in red dissectums:<\/p>\n<ul data-start=\"779\" data-end=\"985\">\n<li data-start=\"779\" data-end=\"852\">\n<p data-start=\"781\" data-end=\"852\">a naturally cascading silhouette (dense and well branched),<\/p>\n<\/li>\n<li data-start=\"853\" data-end=\"985\">\n<p data-start=\"855\" data-end=\"985\">very long-lasting colour: the red does not \u201cdrop out\u201d easily in summer, especially in a sheltered position and in soil that stays cool.<\/p>\n<\/li>\n<\/ul>\n<h3 data-start=\"987\" data-end=\"1009\">Colours<\/h3>\n<ul data-start=\"1011\" data-end=\"1198\">\n<li data-start=\"1011\" data-end=\"1078\">\n<p data-start=\"1013\" data-end=\"1078\"><strong>Spring<\/strong> : bright red \/ scarlet on young leaves.<\/p>\n<\/li>\n<li data-start=\"1079\" data-end=\"1146\">\n<p data-start=\"1081\" data-end=\"1146\"><strong>Summer<\/strong> : burgundy \/ deep purple (often well maintained).<\/p>\n<\/li>\n<li data-start=\"1147\" data-end=\"1198\">\n<p data-start=\"1149\" data-end=\"1198\"><strong>Autumn<\/strong> : scarlet red to fiery red.<\/p>\n<\/li>\n<\/ul>\n<h3 data-start=\"1200\" data-end=\"1218\">Habit &amp; vigour<\/h3>\n<p data-start=\"1220\" data-end=\"1311\">Spreading, weeping habit, forming a mound \/ cascade. Slow to moderate growth.<\/p>\n<h3 data-start=\"1313\" data-end=\"1339\">Indicative size<\/h3>\n<p data-start=\"1341\" data-end=\"1521\">Order of magnitude: about 1.5 to 2.5 m ultimately, often with a similar spread. At 10 years, it is often around 1.5 to 2 m depending on conditions and training.<\/p>\n<h3 data-start=\"1523\" data-end=\"1546\">Exposure<\/h3>\n<p data-start=\"1548\" data-end=\"1744\">Bright partial shade or gentle sun. The finely cut foliage appreciates protection from scorching sun and dry winds, especially in a container.<\/p>\n<h3 data-start=\"1971\" data-end=\"2006\">Origin &amp; history<\/h3>\n<p data-start=\"2008\" data-end=\"2261\">The cultivar is often described as a New Zealand selection, introduced to the United States around 1990.<\/p>","protected":false},"excerpt":{"rendered":"<p data-start=\"231\" data-end=\"650\">\u2018Red Dragon\u2019 is a laceleaf Japanese maple (dissectum) with a compact, cascading habit, valued for its ability to keep a dark red colour for a very long time during the season. In spring, the foliage starts scarlet\/bright red, then deepens to a rich burgundy in summer, before turning a blazing red in autumn. An excellent choice for a container or a small garden if you want a reliable red cascade.<\/p>","protected":false},"featured_media":0,"template":"","meta":{"_seopress_robots_primary_cat":"none","_seopress_titles_title":"Red Dragon \u2013 Acer palmatum | Dissectum rouge tr\u00e8s stable, port retombant compact, automne \u00e9carlate","_seopress_titles_desc":"\u2018Red Dragon\u2019 : \u00e9rable du Japon lacini\u00e9 (dissectum) au port retombant compact. Rouge vif au printemps, bordeaux profond en \u00e9t\u00e9 avec une excellente tenue de couleur, puis automne rouge \u00e9carlate flamboyant. Id\u00e9al en pot et petit jardin, en mi-ombre lumineuse.","_seopress_robots_index":"","_kad_post_transparent":"default","_kad_post_title":"","_kad_post_layout":"default","_kad_post_sidebar_id":"","_kad_post_content_style":"default","_kad_post_vertical_padding":"default","_kad_post_feature":"","_kad_post_feature_position":"","_kad_post_header":false,"_kad_post_footer":false,"_kad_post_classname":""},"product_brand":[],"product_cat":[151,18],"product_tag":[],"class_list":{"0":"post-2083","1":"product","2":"type-product","3":"status-publish","5":"product_cat-acer-palmatum","6":"product_cat-erables-du-japon","8":"first","9":"instock","10":"shipping-taxable","11":"product-type-variable","12":"entry","13":"content-bg","14":"loop-entry"},"_links":{"self":[{"href":"https:\/\/pepinieredurenard.fr\/en\/wp-json\/wp\/v2\/product\/2083","targetHints":{"allow":["GET"]}}],"collection":[{"href":"https:\/\/pepinieredurenard.fr\/en\/wp-json\/wp\/v2\/product"}],"about":[{"href":"https:\/\/pepinieredurenard.fr\/en\/wp-json\/wp\/v2\/types\/product"}],"wp:attachment":[{"href":"https:\/\/pepinieredurenard.fr\/en\/wp-json\/wp\/v2\/media?parent=2083"}],"wp:term":[{"taxonomy":"product_brand","embeddable":true,"href":"https:\/\/pepinieredurenard.fr\/en\/wp-json\/wp\/v2\/product_brand?post=2083"},{"taxonomy":"product_cat","embeddable":true,"href":"https:\/\/pepinieredurenard.fr\/en\/wp-json\/wp\/v2\/product_cat?post=2083"},{"taxonomy":"product_tag","embeddable":true,"href":"https:\/\/pepinieredurenard.fr\/en\/wp-json\/wp\/v2\/product_tag?post=2083"}],"curies":[{"name":"wp","href":"https:\/\/api.w.org\/{rel}","templated":true}]}}