{"id":2077,"date":"2026-01-23T14:40:19","date_gmt":"2026-01-23T13:40:19","guid":{"rendered":"https:\/\/pepinieredurenard.fr\/?post_type=product&#038;p=2077"},"modified":"2026-02-19T09:15:07","modified_gmt":"2026-02-19T08:15:07","slug":"peve-multicolor","status":"publish","type":"product","link":"https:\/\/pepinieredurenard.fr\/en\/product\/peve-multicolor\/","title":{"rendered":"Peve multicolor"},"content":{"rendered":"<h3 data-start=\"817\" data-end=\"840\">Character &amp; interest<\/h3>\n<p data-start=\"842\" data-end=\"1248\">\u2018Peve Multicolor\u2019 is sought after for its \u201cdrawn leaf\u201d effect: a pale background, strongly defined veins, and often a pink\/white veil that gives an almost powdery look. It is also known for its unpredictable nature: some years the variegation is very strong and lasts a long time; other years the plant can be greener (while still keeping interest through edging\/nuances).<\/p>\n<h3 data-start=\"1250\" data-end=\"1272\">Colours<\/h3>\n<ul data-start=\"1274\" data-end=\"1648\">\n<li data-start=\"1274\" data-end=\"1407\">\n<p data-start=\"1276\" data-end=\"1407\"><strong>Spring<\/strong> : often cream to almost white, green veins, with a pink dusting (sometimes a purplish\/red edge).<\/p>\n<\/li>\n<li data-start=\"1408\" data-end=\"1563\">\n<p data-start=\"1410\" data-end=\"1563\"><strong>Summer<\/strong> : foliage generally greener (often light green to chartreuse), with cream areas or residual nuances depending on exposure.<\/p>\n<\/li>\n<li data-start=\"1564\" data-end=\"1648\">\n<p data-start=\"1566\" data-end=\"1648\"><strong>Autumn<\/strong> : golden yellow to orange (sometimes more salmon-toned depending on conditions).<\/p>\n<\/li>\n<\/ul>\n<h3 data-start=\"1650\" data-end=\"1668\">Habit &amp; vigour<\/h3>\n<p data-start=\"1670\" data-end=\"1737\">Upright habit, rather compact and natural. Moderate vigour.<\/p>\n<h3 data-start=\"1739\" data-end=\"1765\">Indicative size<\/h3>\n<p data-start=\"1767\" data-end=\"1999\">Order of magnitude: often listed around 2 to 2.5 m ultimately in several catalogues, but some feedback suggests a larger potential in the ground (up to 4\u20135 m). In a container, growth remains more contained.<\/p>\n<h3 data-start=\"2001\" data-end=\"2024\">Exposure<\/h3>\n<p data-start=\"2026\" data-end=\"2281\">Bright partial shade is recommended, or morning sun with protection during the hottest hours. Pale foliage can scorch in burning sun, and variegation can also vary with exposure.<\/p>\n<h3 data-start=\"2512\" data-end=\"2547\">Origin &amp; history<\/h3>\n<p data-start=\"2549\" data-end=\"2746\">\u2018Peve Multicolor\u2019 is presented as a selection from the Vergeldt \/ Piet Vergeldt nursery (Netherlands).<\/p>","protected":false},"excerpt":{"rendered":"<p data-start=\"284\" data-end=\"787\">\u2018Peve Multicolor\u2019 is a rare and spectacular variegated Japanese maple. In spring it can leaf out almost creamy white, dusted with pink and with very visible green veins, sometimes edged with a purplish rim. In summer, the foliage often becomes greener while keeping lighter nuances, then autumn brings yellow to orange tones. A collector cultivar, superb in a container, whose variegation can vary greatly depending on conditions and the year.<\/p>","protected":false},"featured_media":0,"template":"","meta":{"_seopress_robots_primary_cat":"none","_seopress_titles_title":"Peve Multicolor \u2013 Acer palmatum | Panach\u00e9 cr\u00e8me et rose vein\u00e9 de vert, tr\u00e8s variable, automne jaune-orang\u00e9","_seopress_titles_desc":"\u2018Peve Multicolor\u2019 : \u00e9rable du Japon panach\u00e9 rare, au printemps cr\u00e8me \u00e0 presque blanc avec poudrage rose et nervures vertes, parfois bord violac\u00e9. \u00c9t\u00e9 plus vert, puis automne jaune \u00e0 orange. Port compact, id\u00e9al en pot, \u00e0 placer en mi-ombre lumineuse.","_seopress_robots_index":"","_kad_post_transparent":"default","_kad_post_title":"","_kad_post_layout":"default","_kad_post_sidebar_id":"","_kad_post_content_style":"default","_kad_post_vertical_padding":"default","_kad_post_feature":"","_kad_post_feature_position":"","_kad_post_header":false,"_kad_post_footer":false,"_kad_post_classname":""},"product_brand":[],"product_cat":[151,18],"product_tag":[],"class_list":{"0":"post-2077","1":"product","2":"type-product","3":"status-publish","5":"product_cat-acer-palmatum","6":"product_cat-erables-du-japon","8":"first","9":"instock","10":"shipping-taxable","11":"product-type-variable","12":"entry","13":"content-bg","14":"loop-entry"},"_links":{"self":[{"href":"https:\/\/pepinieredurenard.fr\/en\/wp-json\/wp\/v2\/product\/2077","targetHints":{"allow":["GET"]}}],"collection":[{"href":"https:\/\/pepinieredurenard.fr\/en\/wp-json\/wp\/v2\/product"}],"about":[{"href":"https:\/\/pepinieredurenard.fr\/en\/wp-json\/wp\/v2\/types\/product"}],"wp:attachment":[{"href":"https:\/\/pepinieredurenard.fr\/en\/wp-json\/wp\/v2\/media?parent=2077"}],"wp:term":[{"taxonomy":"product_brand","embeddable":true,"href":"https:\/\/pepinieredurenard.fr\/en\/wp-json\/wp\/v2\/product_brand?post=2077"},{"taxonomy":"product_cat","embeddable":true,"href":"https:\/\/pepinieredurenard.fr\/en\/wp-json\/wp\/v2\/product_cat?post=2077"},{"taxonomy":"product_tag","embeddable":true,"href":"https:\/\/pepinieredurenard.fr\/en\/wp-json\/wp\/v2\/product_tag?post=2077"}],"curies":[{"name":"wp","href":"https:\/\/api.w.org\/{rel}","templated":true}]}}