{"id":2059,"date":"2026-01-23T12:54:53","date_gmt":"2026-01-23T11:54:53","guid":{"rendered":"https:\/\/pepinieredurenard.fr\/?post_type=product&#038;p=2059"},"modified":"2026-02-18T18:05:02","modified_gmt":"2026-02-18T17:05:02","slug":"oregon-sunset","status":"publish","type":"product","link":"https:\/\/pepinieredurenard.fr\/en\/product\/oregon-sunset\/","title":{"rendered":"Oregon sunset"},"content":{"rendered":"<h3 data-start=\"704\" data-end=\"727\">Character &amp; interest<\/h3>\n<p data-start=\"729\" data-end=\"1068\">\u2018Oregon Sunset\u2019 stands out for its colour transitions (not just a uniform red). The foliage is dense and well-shaped, with lobes that can be slightly drooping at the tips, adding an elegant touch to the silhouette. A very good choice to bring contrast without taking up too much space.<\/p>\n<h3 data-start=\"1070\" data-end=\"1092\">Colours<\/h3>\n<ul data-start=\"1094\" data-end=\"1310\">\n<li data-start=\"1094\" data-end=\"1148\">\n<p data-start=\"1096\" data-end=\"1148\"><strong>Spring<\/strong> : red to deep red foliage.<\/p>\n<\/li>\n<li data-start=\"1149\" data-end=\"1231\">\n<p data-start=\"1151\" data-end=\"1231\"><strong>Summer<\/strong> : shifts to olive and plum tones (often darker).<\/p>\n<\/li>\n<li data-start=\"1232\" data-end=\"1310\">\n<p data-start=\"1234\" data-end=\"1310\"><strong>Autumn<\/strong> : orange-red to scarlet red (often very bright).<\/p>\n<\/li>\n<\/ul>\n<h3 data-start=\"1312\" data-end=\"1330\">Habit &amp; vigour<\/h3>\n<p data-start=\"1332\" data-end=\"1511\">Upright at first, then more spreading with age while remaining compact. Rather moderate vigour, with growth often described as slow but steady.<\/p>\n<h3 data-start=\"1513\" data-end=\"1539\">Indicative size<\/h3>\n<p data-start=\"1541\" data-end=\"1703\">Order of magnitude: around 1.5 to 2 m tall, for 2 to 3 m wide depending on conditions and training. (In a container, growth remains more restrained.)<\/p>\n<h3 data-start=\"1705\" data-end=\"1728\">Exposure<\/h3>\n<p data-start=\"1730\" data-end=\"1963\">Gentle sun \/ bright partial shade. Light enhances the colours, but protection from scorching sun and dry wind improves foliage quality, especially in a container.<\/p>","protected":false},"excerpt":{"rendered":"<p data-start=\"298\" data-end=\"674\">\u2018Oregon Sunset\u2019 is a compact, bushy Japanese maple: the leaves start deep red in spring, shift to plum\/olive tones in summer, then take on a very bright orange-red colour in autumn. A small-growing cultivar, ideal for containers and small gardens.<\/p>","protected":false},"featured_media":0,"template":"","meta":{"_seopress_robots_primary_cat":"none","_seopress_titles_title":"Oregon Sunset \u2013 Acer palmatum | Printemps rouge, \u00e9t\u00e9 prune\/olive, automne orange-rouge lumineux","_seopress_titles_desc":"\u2018Oregon Sunset\u2019 : \u00e9rable du Japon compact et buissonnant. Feuillage rouge soutenu au printemps, tons prune\/olive en \u00e9t\u00e9, puis automne orange-rouge \u00e0 rouge \u00e9carlate tr\u00e8s lumineux. Id\u00e9al en pot et petit jardin, \u00e0 placer en soleil doux ou mi-ombre lumineuse.","_seopress_robots_index":"","_kad_post_transparent":"default","_kad_post_title":"","_kad_post_layout":"default","_kad_post_sidebar_id":"","_kad_post_content_style":"default","_kad_post_vertical_padding":"default","_kad_post_feature":"","_kad_post_feature_position":"","_kad_post_header":false,"_kad_post_footer":false,"_kad_post_classname":""},"product_brand":[],"product_cat":[151,18],"product_tag":[],"class_list":{"0":"post-2059","1":"product","2":"type-product","3":"status-publish","5":"product_cat-acer-palmatum","6":"product_cat-erables-du-japon","8":"first","9":"instock","10":"shipping-taxable","11":"product-type-variable","12":"entry","13":"content-bg","14":"loop-entry"},"_links":{"self":[{"href":"https:\/\/pepinieredurenard.fr\/en\/wp-json\/wp\/v2\/product\/2059","targetHints":{"allow":["GET"]}}],"collection":[{"href":"https:\/\/pepinieredurenard.fr\/en\/wp-json\/wp\/v2\/product"}],"about":[{"href":"https:\/\/pepinieredurenard.fr\/en\/wp-json\/wp\/v2\/types\/product"}],"wp:attachment":[{"href":"https:\/\/pepinieredurenard.fr\/en\/wp-json\/wp\/v2\/media?parent=2059"}],"wp:term":[{"taxonomy":"product_brand","embeddable":true,"href":"https:\/\/pepinieredurenard.fr\/en\/wp-json\/wp\/v2\/product_brand?post=2059"},{"taxonomy":"product_cat","embeddable":true,"href":"https:\/\/pepinieredurenard.fr\/en\/wp-json\/wp\/v2\/product_cat?post=2059"},{"taxonomy":"product_tag","embeddable":true,"href":"https:\/\/pepinieredurenard.fr\/en\/wp-json\/wp\/v2\/product_tag?post=2059"}],"curies":[{"name":"wp","href":"https:\/\/api.w.org\/{rel}","templated":true}]}}