{"id":2053,"date":"2026-01-23T12:39:59","date_gmt":"2026-01-23T11:39:59","guid":{"rendered":"https:\/\/pepinieredurenard.fr\/?post_type=product&#038;p=2053"},"modified":"2026-02-18T17:58:07","modified_gmt":"2026-02-18T16:58:07","slug":"orange-dream","status":"publish","type":"product","link":"https:\/\/pepinieredurenard.fr\/en\/product\/orange-dream\/","title":{"rendered":"Orange dream"},"content":{"rendered":"<h3 data-start=\"779\" data-end=\"802\">Character &amp; interest<\/h3>\n<p data-start=\"804\" data-end=\"1072\">\u2018Orange Dream\u2019 is an easy \u201cgolden\u201d maple to place: it brings light without being overpowering, and stays decorative for a long period thanks to its changing shades. Dense branching helps it quickly form a harmonious silhouette, even in a container.<\/p>\n<h3 data-start=\"1074\" data-end=\"1096\">Colours<\/h3>\n<ul data-start=\"1098\" data-end=\"1351\">\n<li data-start=\"1098\" data-end=\"1195\">\n<p data-start=\"1100\" data-end=\"1195\"><strong>Spring<\/strong> : very bright orange-yellow young leaves, often edged with pink\/red.<\/p>\n<\/li>\n<li data-start=\"1196\" data-end=\"1262\">\n<p data-start=\"1198\" data-end=\"1262\"><strong>Summer<\/strong> : yellow-green to light green foliage (softer).<\/p>\n<\/li>\n<li data-start=\"1263\" data-end=\"1351\">\n<p data-start=\"1265\" data-end=\"1351\"><strong>Autumn<\/strong> : a return to yellow and orange (sometimes a stronger yellow-orange).<\/p>\n<\/li>\n<\/ul>\n<h3 data-start=\"1353\" data-end=\"1371\">Habit &amp; vigour<\/h3>\n<p data-start=\"1373\" data-end=\"1532\">Bushy, well-branched habit, often upright at first then more rounded. Moderate to good vigour (often described as fairly regular).<\/p>\n<h3 data-start=\"1534\" data-end=\"1560\">Indicative size<\/h3>\n<p data-start=\"1562\" data-end=\"1723\">Order of magnitude: around 2.5 to 4 m eventually (height and spread), depending on conditions and training. Some cultivation keeps it more compact in a container.<\/p>\n<h3 data-start=\"1725\" data-end=\"1748\">Exposure<\/h3>\n<p data-start=\"1750\" data-end=\"2015\">Bright partial shade or gentle sun. Light enhances the colours, but protection from scorching afternoon sun and dry wind helps keep cleaner foliage (especially in a container).<\/p>\n<h3 data-start=\"2252\" data-end=\"2287\">Origin &amp; history<\/h3>\n<p data-start=\"2289\" data-end=\"2481\">\u2018Orange Dream\u2019 is given as an introduction from Gilardelli nursery (Italy, Milan area), introduced around 1990. The cultivar received an RHS Award of Garden Merit (AGM).<\/p>","protected":false},"excerpt":{"rendered":"<p data-start=\"308\" data-end=\"749\">\u2018Orange Dream\u2019 is a very luminous Japanese maple, appreciated for its orange-yellow foliage in spring (often with a fine pink\/red margin), which becomes yellow-green in summer before returning to yellow and orange tones in autumn. Its habit is bushy and well branched. An excellent variety to brighten a small garden or a terrace.<\/p>","protected":false},"featured_media":0,"template":"","meta":{"_seopress_robots_primary_cat":"none","_seopress_titles_title":"Orange Dream \u2013 Acer palmatum | Printemps jaune-orang\u00e9, \u00e9t\u00e9 vert-jaune, automne jaune \u00e0 orang\u00e9.","_seopress_titles_desc":"\u2018Orange Dream\u2019 : \u00e9rable du Japon tr\u00e8s lumineux. Printemps jaune-orang\u00e9 souvent bord\u00e9 de rose\/rouge, \u00e9t\u00e9 vert-jaune, puis automne jaune \u00e0 orang\u00e9. Port buissonnant bien ramifi\u00e9, Id\u00e9al en pot et petit jardin, \u00e0 placer en mi-ombre lumineuse.","_seopress_robots_index":"","_kad_post_transparent":"default","_kad_post_title":"","_kad_post_layout":"default","_kad_post_sidebar_id":"","_kad_post_content_style":"default","_kad_post_vertical_padding":"default","_kad_post_feature":"","_kad_post_feature_position":"","_kad_post_header":false,"_kad_post_footer":false,"_kad_post_classname":""},"product_brand":[],"product_cat":[151,18],"product_tag":[],"class_list":{"0":"post-2053","1":"product","2":"type-product","3":"status-publish","5":"product_cat-acer-palmatum","6":"product_cat-erables-du-japon","8":"first","9":"instock","10":"shipping-taxable","11":"product-type-variable","12":"entry","13":"content-bg","14":"loop-entry"},"_links":{"self":[{"href":"https:\/\/pepinieredurenard.fr\/en\/wp-json\/wp\/v2\/product\/2053","targetHints":{"allow":["GET"]}}],"collection":[{"href":"https:\/\/pepinieredurenard.fr\/en\/wp-json\/wp\/v2\/product"}],"about":[{"href":"https:\/\/pepinieredurenard.fr\/en\/wp-json\/wp\/v2\/types\/product"}],"wp:attachment":[{"href":"https:\/\/pepinieredurenard.fr\/en\/wp-json\/wp\/v2\/media?parent=2053"}],"wp:term":[{"taxonomy":"product_brand","embeddable":true,"href":"https:\/\/pepinieredurenard.fr\/en\/wp-json\/wp\/v2\/product_brand?post=2053"},{"taxonomy":"product_cat","embeddable":true,"href":"https:\/\/pepinieredurenard.fr\/en\/wp-json\/wp\/v2\/product_cat?post=2053"},{"taxonomy":"product_tag","embeddable":true,"href":"https:\/\/pepinieredurenard.fr\/en\/wp-json\/wp\/v2\/product_tag?post=2053"}],"curies":[{"name":"wp","href":"https:\/\/api.w.org\/{rel}","templated":true}]}}