{"id":2038,"date":"2026-01-23T11:26:04","date_gmt":"2026-01-23T10:26:04","guid":{"rendered":"https:\/\/pepinieredurenard.fr\/?post_type=product&#038;p=2038"},"modified":"2026-02-18T17:39:55","modified_gmt":"2026-02-18T16:39:55","slug":"nuresagi","status":"publish","type":"product","link":"https:\/\/pepinieredurenard.fr\/en\/product\/nuresagi\/","title":{"rendered":"Nuresagi"},"content":{"rendered":"<h3 data-start=\"702\" data-end=\"725\">Character &amp; interest<\/h3>\n<p data-start=\"727\" data-end=\"1108\">\u2018Nuresagi\u2019 is a \u201cstructural red\u201d: it combines a vertical silhouette with a very dark coloration that holds well through the season. It is often described as faster-growing than many other red cultivars, especially on young plants.<\/p>\n<h3 data-start=\"1110\" data-end=\"1132\">Colours<\/h3>\n<ul data-start=\"1134\" data-end=\"1313\">\n<li data-start=\"1134\" data-end=\"1218\">\n<p data-start=\"1136\" data-end=\"1218\"><strong>Spring<\/strong> : bright purple-red to deep purple (often very dark).<\/p>\n<\/li>\n<li data-start=\"1219\" data-end=\"1261\">\n<p data-start=\"1221\" data-end=\"1261\"><strong>Summer<\/strong> : purple to dark red.<\/p>\n<\/li>\n<li data-start=\"1262\" data-end=\"1313\">\n<p data-start=\"1264\" data-end=\"1313\"><strong>Autumn<\/strong> : fiery red to scarlet red.<\/p>\n<\/li>\n<\/ul>\n<h3 data-start=\"1315\" data-end=\"1333\">Habit &amp; vigour<\/h3>\n<p data-start=\"1335\" data-end=\"1497\">Naturally upright habit, forming a well-proportioned crown over time. Good vigour (often described as above average for a red Japanese maple).<\/p>\n<h3 data-start=\"1499\" data-end=\"1525\">Indicative size<\/h3>\n<p data-start=\"1527\" data-end=\"1714\">Order of magnitude: around 2.5\u20133 m at about 10 years (depending on conditions), with a potential of 4 to 6 m at maturity in the ground. In a container, growth remains much more restrained.<\/p>\n<h3 data-start=\"1716\" data-end=\"1739\">Exposure<\/h3>\n<p data-start=\"1741\" data-end=\"1998\">Gentle sun \/ bright partial shade. It is often described as sun-tolerant, but in a hot climate or in a container, protection from scorching sun and dry wind improves foliage quality.<\/p>","protected":false},"excerpt":{"rendered":"<p>\u2018Nuresagi\u2019 is a red Japanese maple with an upright habit, renowned for its vigour and its deep purple colour from spring onwards. In summer, the foliage stays a dark purple, then autumn turns fiery red. A cultivar with real presence, suitable for containers as well as the garden, for those looking for an intense red and steady growth.<\/p>","protected":false},"featured_media":0,"template":"","meta":{"_seopress_robots_primary_cat":"none","_seopress_titles_title":"Nuresagi \u2013 Acer palmatum | Rouge pourpr\u00e9 profond, port \u00e9rig\u00e9 vigoureux, automne rouge feu","_seopress_titles_desc":"\u2018Nuresagi\u2019 : \u00e9rable du Japon rouge au port \u00e9rig\u00e9, vigoureux. Printemps pourpre rouge tr\u00e8s profond, \u00e9t\u00e9 pourpre sombre, puis automne rouge feu. Pot ou jardin, soleil doux \u00e0 mi-ombre lumineuse.","_seopress_robots_index":"","_kad_post_transparent":"default","_kad_post_title":"","_kad_post_layout":"default","_kad_post_sidebar_id":"","_kad_post_content_style":"default","_kad_post_vertical_padding":"default","_kad_post_feature":"","_kad_post_feature_position":"","_kad_post_header":false,"_kad_post_footer":false,"_kad_post_classname":""},"product_brand":[],"product_cat":[151,18],"product_tag":[],"class_list":{"0":"post-2038","1":"product","2":"type-product","3":"status-publish","5":"product_cat-acer-palmatum","6":"product_cat-erables-du-japon","8":"first","9":"outofstock","10":"shipping-taxable","11":"product-type-variable","12":"entry","13":"content-bg","14":"loop-entry"},"_links":{"self":[{"href":"https:\/\/pepinieredurenard.fr\/en\/wp-json\/wp\/v2\/product\/2038","targetHints":{"allow":["GET"]}}],"collection":[{"href":"https:\/\/pepinieredurenard.fr\/en\/wp-json\/wp\/v2\/product"}],"about":[{"href":"https:\/\/pepinieredurenard.fr\/en\/wp-json\/wp\/v2\/types\/product"}],"wp:attachment":[{"href":"https:\/\/pepinieredurenard.fr\/en\/wp-json\/wp\/v2\/media?parent=2038"}],"wp:term":[{"taxonomy":"product_brand","embeddable":true,"href":"https:\/\/pepinieredurenard.fr\/en\/wp-json\/wp\/v2\/product_brand?post=2038"},{"taxonomy":"product_cat","embeddable":true,"href":"https:\/\/pepinieredurenard.fr\/en\/wp-json\/wp\/v2\/product_cat?post=2038"},{"taxonomy":"product_tag","embeddable":true,"href":"https:\/\/pepinieredurenard.fr\/en\/wp-json\/wp\/v2\/product_tag?post=2038"}],"curies":[{"name":"wp","href":"https:\/\/api.w.org\/{rel}","templated":true}]}}