{"id":2011,"date":"2026-01-22T17:12:40","date_gmt":"2026-01-22T16:12:40","guid":{"rendered":"https:\/\/pepinieredurenard.fr\/?post_type=product&#038;p=2011"},"modified":"2026-02-18T16:50:11","modified_gmt":"2026-02-18T15:50:11","slug":"matsukaze","status":"publish","type":"product","link":"https:\/\/pepinieredurenard.fr\/en\/product\/matsukaze\/","title":{"rendered":"Matsukaze"},"content":{"rendered":"<h3 data-start=\"751\" data-end=\"774\">Character &amp; interest<\/h3>\n<p data-start=\"776\" data-end=\"1088\">\u2018Matsukaze\u2019 combines two qualities that make its charm: a colourful spring flush (with that contrast between green veins and a bronze-purple blade), then a broad, supple silhouette thanks to slightly pendulous branches.\n\nColours<\/p>\n<h3 data-start=\"1090\" data-end=\"1112\">Colours<\/h3>\n<ul data-start=\"1114\" data-end=\"1309\">\n<li data-start=\"1114\" data-end=\"1214\">\n<p data-start=\"1116\" data-end=\"1214\"><strong>Spring<\/strong> : bronze-red to purple leaves, often marked by green veins.<\/p>\n<\/li>\n<li data-start=\"1215\" data-end=\"1259\">\n<p data-start=\"1217\" data-end=\"1259\"><strong>Summer<\/strong> : green (often deeper).<\/p>\n<\/li>\n<li data-start=\"1260\" data-end=\"1309\">\n<p data-start=\"1262\" data-end=\"1309\"><strong>Autumn<\/strong> : deep red to crimson.<\/p>\n<\/li>\n<\/ul>\n<h3 data-start=\"1311\" data-end=\"1329\">Habit &amp; vigour<\/h3>\n<p data-start=\"1331\" data-end=\"1456\">Good vigour. Broad, shrubby habit, with gracefully pendulous branches (a light \u201ccascading\u201d effect).<\/p>\n<h3 data-start=\"1458\" data-end=\"1484\">Indicative size<\/h3>\n<p data-start=\"1486\" data-end=\"1652\">Order of magnitude: around 4 m (sometimes 4\u20135 m) ultimately depending on conditions, with a often generous spread. In a container, growth remains more restrained.<\/p>\n<h3 data-start=\"1654\" data-end=\"1677\">Exposure<\/h3>\n<p data-start=\"1679\" data-end=\"1939\">Gentle sun \/ bright partial shade. It often tolerates a sunnier position if the soil remains well-drained and cool in summer. In hot situations, protection from scorching sun and dry wind improves foliage quality.<\/p>\n<h3 data-start=\"2212\" data-end=\"2247\">Origin &amp; history<\/h3>\n<p data-start=\"2249\" data-end=\"2487\">\u2018Matsukaze\u2019 is presented as an old Japanese cultivar, mentioned as dating back to the 18th century. The name is often translated as \u201cwind in the pines\u201d.<\/p>","protected":false},"excerpt":{"rendered":"<p>\u2018Matsukaze\u2019 is a very elegant Japanese maple, appreciated for its bronze to purple budbreak crossed by green veins, followed by rich green foliage in summer. In autumn, it offers a very spectacular deep red to crimson colour. Its habit is broad with gracefully pendulous branches, giving it a supple, natural silhouette. A beautiful subject in a container as well as in the garden.<\/p>","protected":false},"featured_media":0,"template":"","meta":{"_seopress_robots_primary_cat":"none","_seopress_titles_title":"Matsukaze \u2013 Acer palmatum | D\u00e9bourrement bronze-pourpre, \u00e9t\u00e9 vert, automne cramoisi, port souple","_seopress_titles_desc":"\u2018Matsukaze\u2019 : \u00e9rable du Japon vigoureux au port large et souple, rameaux l\u00e9g\u00e8rement retombants. D\u00e9bourrement bronze \u00e0 pourpre avec nervures vertes, \u00e9t\u00e9 vert riche, puis automne rouge profond \u00e0 cramoisi.","_seopress_robots_index":"","_kad_post_transparent":"default","_kad_post_title":"","_kad_post_layout":"default","_kad_post_sidebar_id":"","_kad_post_content_style":"default","_kad_post_vertical_padding":"default","_kad_post_feature":"","_kad_post_feature_position":"","_kad_post_header":false,"_kad_post_footer":false,"_kad_post_classname":""},"product_brand":[],"product_cat":[151,18],"product_tag":[],"class_list":{"0":"post-2011","1":"product","2":"type-product","3":"status-publish","5":"product_cat-acer-palmatum","6":"product_cat-erables-du-japon","8":"first","9":"instock","10":"shipping-taxable","11":"product-type-variable","12":"entry","13":"content-bg","14":"loop-entry"},"_links":{"self":[{"href":"https:\/\/pepinieredurenard.fr\/en\/wp-json\/wp\/v2\/product\/2011","targetHints":{"allow":["GET"]}}],"collection":[{"href":"https:\/\/pepinieredurenard.fr\/en\/wp-json\/wp\/v2\/product"}],"about":[{"href":"https:\/\/pepinieredurenard.fr\/en\/wp-json\/wp\/v2\/types\/product"}],"wp:attachment":[{"href":"https:\/\/pepinieredurenard.fr\/en\/wp-json\/wp\/v2\/media?parent=2011"}],"wp:term":[{"taxonomy":"product_brand","embeddable":true,"href":"https:\/\/pepinieredurenard.fr\/en\/wp-json\/wp\/v2\/product_brand?post=2011"},{"taxonomy":"product_cat","embeddable":true,"href":"https:\/\/pepinieredurenard.fr\/en\/wp-json\/wp\/v2\/product_cat?post=2011"},{"taxonomy":"product_tag","embeddable":true,"href":"https:\/\/pepinieredurenard.fr\/en\/wp-json\/wp\/v2\/product_tag?post=2011"}],"curies":[{"name":"wp","href":"https:\/\/api.w.org\/{rel}","templated":true}]}}