{"id":1897,"date":"2026-01-22T10:26:48","date_gmt":"2026-01-22T09:26:48","guid":{"rendered":"https:\/\/pepinieredurenard.fr\/?post_type=product&#038;p=1897"},"modified":"2026-02-18T13:06:42","modified_gmt":"2026-02-18T12:06:42","slug":"fairy-hair","status":"publish","type":"product","link":"https:\/\/pepinieredurenard.fr\/en\/product\/fairy-hair\/","title":{"rendered":"Fairy hair"},"content":{"rendered":"<h3 data-start=\"698\" data-end=\"721\">Character &amp; interest<\/h3>\n<p data-start=\"723\" data-end=\"1270\" class=\"translation-block\">\u2018Fairy Hair\u2019 takes fine foliage to the extreme: the lobes become true \u201cthreads\u201d, creating a unique feathery \/ hair-like look, very different from classic dissectums. The silhouette is often irregular and airy, with fine twigs: the interest lies as much in texture as in colour.\nAs with several linear-leaved cultivars, the foliage can be a little broader on young plants or on very vigorous shoots, then becomes noticeably finer as the wood matures.<\/p>\n<h3 data-start=\"1272\" data-end=\"1294\">Colours<\/h3>\n<ul data-start=\"1296\" data-end=\"1515\">\n<li data-start=\"1296\" data-end=\"1367\">\n<p data-start=\"1298\" data-end=\"1367\"><strong>Spring<\/strong> : light green foliage (sometimes slightly nuanced).<\/p>\n<\/li>\n<li data-start=\"1368\" data-end=\"1409\">\n<p data-start=\"1370\" data-end=\"1409\"><strong>Summer<\/strong> : green to deeper green.<\/p>\n<\/li>\n<li data-start=\"1410\" data-end=\"1515\">\n<p data-start=\"1412\" data-end=\"1515\"><strong>Autumn<\/strong> : yellow-orange to red tones (intensity and shade vary with climate\/exposure).<\/p>\n<\/li>\n<\/ul>\n<h3 data-start=\"1517\" data-end=\"1535\">Habit &amp; vigour<\/h3>\n<p data-start=\"1537\" data-end=\"1749\">Upright habit as a small vase shape, or an irregular bushy form, with a very light overall effect. Slow to moderate vigour: often slow, but it can eventually form a small tree if conditions are very favourable.<\/p>\n<h3 data-start=\"1751\" data-end=\"1777\">Indicative size<\/h3>\n<p data-start=\"1779\" data-end=\"2056\">Order of magnitude: often ~0.6 to 0.8 m at around 10 years in slow\/compact cultivation, but some reports in the ground indicate ~1.8 to 2.4 m (6\u20138 ft) at around 10 years. In the long run, it generally remains a small subject (size varies with conditions and graft vigour).<\/p>\n<h3 data-start=\"2058\" data-end=\"2081\">Exposure<\/h3>\n<p data-start=\"2083\" data-end=\"2273\">Bright partial shade or gentle sun (morning). Protection from dry wind and scorching sun helps keep the foliage clean, especially in a pot. Well-drained soil recommended.<\/p>\n<h3 data-start=\"2511\" data-end=\"2546\">Origin &amp; history<\/h3>\n<p data-start=\"2548\" data-end=\"2810\">\u2018Fairy Hair\u2019 was discovered by Talon Buchholz as a chance seedling from \u2018Scolopendrifolium\u2019, and it is sometimes mentioned as one of his first introductions (with a \u201csister\u201d seedling named \u2018Red Cloud\u2019).<\/p>","protected":false},"excerpt":{"rendered":"<p>\u2018Fairy Hair\u2019 is a very unusual Japanese maple from the Linearilobum group, famous for its incredibly narrow leaves, like needles or threads. The foliage is green from spring through summer on an airy, light silhouette, then takes on autumn shades that are often orange to red (variable depending on conditions). A collector cultivar, spectacular in a pot.<\/p>","protected":false},"featured_media":0,"template":"","meta":{"_seopress_robots_primary_cat":"none","_seopress_titles_title":"Fairy Hair \u2013 Acer palmatum | \u00c9rable du Japon filiforme, feuillage ultra fin, texture unique","_seopress_titles_desc":"\u2018Fairy Hair\u2019 : \u00e9rable du Japon du groupe Linearilobum au feuillage extr\u00eamement fin, comme des fils. Vert du printemps \u00e0 l\u2019\u00e9t\u00e9, puis teintes d\u2019automne jaunes\/orang\u00e9es \u00e0 rouges selon conditions. Port l\u00e9ger, id\u00e9al en pot et en collection.","_seopress_robots_index":"","_kad_post_transparent":"default","_kad_post_title":"","_kad_post_layout":"default","_kad_post_sidebar_id":"","_kad_post_content_style":"default","_kad_post_vertical_padding":"default","_kad_post_feature":"","_kad_post_feature_position":"","_kad_post_header":false,"_kad_post_footer":false,"_kad_post_classname":""},"product_brand":[],"product_cat":[151,18],"product_tag":[],"class_list":{"0":"post-1897","1":"product","2":"type-product","3":"status-publish","5":"product_cat-acer-palmatum","6":"product_cat-erables-du-japon","8":"first","9":"instock","10":"shipping-taxable","11":"product-type-variable","12":"entry","13":"content-bg","14":"loop-entry"},"_links":{"self":[{"href":"https:\/\/pepinieredurenard.fr\/en\/wp-json\/wp\/v2\/product\/1897","targetHints":{"allow":["GET"]}}],"collection":[{"href":"https:\/\/pepinieredurenard.fr\/en\/wp-json\/wp\/v2\/product"}],"about":[{"href":"https:\/\/pepinieredurenard.fr\/en\/wp-json\/wp\/v2\/types\/product"}],"wp:attachment":[{"href":"https:\/\/pepinieredurenard.fr\/en\/wp-json\/wp\/v2\/media?parent=1897"}],"wp:term":[{"taxonomy":"product_brand","embeddable":true,"href":"https:\/\/pepinieredurenard.fr\/en\/wp-json\/wp\/v2\/product_brand?post=1897"},{"taxonomy":"product_cat","embeddable":true,"href":"https:\/\/pepinieredurenard.fr\/en\/wp-json\/wp\/v2\/product_cat?post=1897"},{"taxonomy":"product_tag","embeddable":true,"href":"https:\/\/pepinieredurenard.fr\/en\/wp-json\/wp\/v2\/product_tag?post=1897"}],"curies":[{"name":"wp","href":"https:\/\/api.w.org\/{rel}","templated":true}]}}