{"id":1885,"date":"2026-01-22T10:06:30","date_gmt":"2026-01-22T09:06:30","guid":{"rendered":"https:\/\/pepinieredurenard.fr\/?post_type=product&#038;p=1885"},"modified":"2026-02-18T12:54:19","modified_gmt":"2026-02-18T11:54:19","slug":"eddisbury","status":"publish","type":"product","link":"https:\/\/pepinieredurenard.fr\/en\/product\/eddisbury\/","title":{"rendered":"Eddisbury"},"content":{"rendered":"<h3 data-start=\"674\" data-end=\"697\">Character &amp; interest<\/h3>\n<p data-start=\"699\" data-end=\"1159\">\u2018Eddisbury\u2019 is chosen first and foremost for its winter stems: the colour on young wood is often described as redder \/ deeper than that of \u2018Sango-kaku\u2019. Once the leaves have fallen, the coral shoots take centre stage, making it an excellent maple to place where it remains visible in winter (near a terrace, a window, or a path). In season, the green foliage stays elegant and finishes with a bright autumn display.<\/p>\n<h3 data-start=\"1161\" data-end=\"1183\">Colours<\/h3>\n<ul data-start=\"1185\" data-end=\"1481\">\n<li data-start=\"1185\" data-end=\"1335\">\n<p data-start=\"1187\" data-end=\"1335\"><strong>Spring<\/strong> : young leaves pale yellow-green, often tinged red along the edges; petioles and young shoots already coral red.<\/p>\n<\/li>\n<li data-start=\"1336\" data-end=\"1392\">\n<p data-start=\"1338\" data-end=\"1392\"><strong>Summer<\/strong> : green to dark green foliage, clean look.<\/p>\n<\/li>\n<li data-start=\"1393\" data-end=\"1481\">\n<p data-start=\"1395\" data-end=\"1481\"><strong>Autumn<\/strong> : golden yellow to yellow-orange, often edged or nuanced with red.<\/p>\n<\/li>\n<\/ul>\n<h3 data-start=\"1483\" data-end=\"1501\">Habit &amp; vigour<\/h3>\n<p data-start=\"1503\" data-end=\"1677\">Upright habit, becoming broader with age. Good to moderate vigour (steady growth), with a more substantial development than some dwarf coral-bark cultivars.<\/p>\n<h3 data-start=\"1679\" data-end=\"1705\">Indicative size<\/h3>\n<p data-start=\"1707\" data-end=\"1815\">Order of magnitude: around 3 to 5 m eventually depending on conditions, with a spread often between 2 and 4 m.<\/p>\n<h3 data-start=\"1817\" data-end=\"1840\">Exposure<\/h3>\n<p data-start=\"1842\" data-end=\"2081\">Gentle sun \/ bright partial shade. Good light generally enhances the bark, but protection from scorching sun and dry wind is helpful (especially in a pot) to preserve the foliage in summer.<\/p>\n<h3 data-start=\"2394\" data-end=\"2429\">Origin &amp; history<\/h3>\n<p data-start=\"2431\" data-end=\"2807\">\u2018Eddisbury\u2019 is an English selection: it is generally presented as a chance seedling noticed at F. Morrey and Son nursery in Cheshire (England), named after the local district of Eddisbury. It long circulated under labels such as \u201cSango-kaku \u2018Eddisbury\u2019\u201d, but today the cultivar name is generally given simply as \u2018Eddisbury\u2019.<\/p>","protected":false},"excerpt":{"rendered":"<p>\u2018Eddisbury\u2019 is a Japanese maple from the coral-bark group, remarkable for its very vivid coral-red young shoots in winter. In spring, the foliage opens pale yellow-green, often edged with red, becomes green in summer, then takes on golden-yellow shades frequently nuanced with red in autumn. A highly ornamental cultivar, appreciated for its winter interest.<\/p>","protected":false},"featured_media":0,"template":"","meta":{"_seopress_robots_primary_cat":"none","_seopress_titles_title":"Eddisbury \u2013 Acer palmatum | \u00c9rable du Japon \u00e0 \u00e9corce corail rouge, automne jaune dor\u00e9","_seopress_titles_desc":"\u2018Eddisbury\u2019 : \u00e9rable du Japon \u201ccoral-bark\u201d aux jeunes rameaux rouge corail tr\u00e8s vif en hiver. Jeunes feuilles jaune-vert parfois bord\u00e9es de rouge, vert en \u00e9t\u00e9, puis jaune dor\u00e9 nuanc\u00e9 de rouge en automne. Port \u00e9rig\u00e9, superbe en pleine terre.","_seopress_robots_index":"","_kad_post_transparent":"default","_kad_post_title":"","_kad_post_layout":"default","_kad_post_sidebar_id":"","_kad_post_content_style":"default","_kad_post_vertical_padding":"default","_kad_post_feature":"","_kad_post_feature_position":"","_kad_post_header":false,"_kad_post_footer":false,"_kad_post_classname":""},"product_brand":[],"product_cat":[151,18],"product_tag":[],"class_list":{"0":"post-1885","1":"product","2":"type-product","3":"status-publish","5":"product_cat-acer-palmatum","6":"product_cat-erables-du-japon","8":"first","9":"instock","10":"shipping-taxable","11":"product-type-variable","12":"entry","13":"content-bg","14":"loop-entry"},"_links":{"self":[{"href":"https:\/\/pepinieredurenard.fr\/en\/wp-json\/wp\/v2\/product\/1885","targetHints":{"allow":["GET"]}}],"collection":[{"href":"https:\/\/pepinieredurenard.fr\/en\/wp-json\/wp\/v2\/product"}],"about":[{"href":"https:\/\/pepinieredurenard.fr\/en\/wp-json\/wp\/v2\/types\/product"}],"wp:attachment":[{"href":"https:\/\/pepinieredurenard.fr\/en\/wp-json\/wp\/v2\/media?parent=1885"}],"wp:term":[{"taxonomy":"product_brand","embeddable":true,"href":"https:\/\/pepinieredurenard.fr\/en\/wp-json\/wp\/v2\/product_brand?post=1885"},{"taxonomy":"product_cat","embeddable":true,"href":"https:\/\/pepinieredurenard.fr\/en\/wp-json\/wp\/v2\/product_cat?post=1885"},{"taxonomy":"product_tag","embeddable":true,"href":"https:\/\/pepinieredurenard.fr\/en\/wp-json\/wp\/v2\/product_tag?post=1885"}],"curies":[{"name":"wp","href":"https:\/\/api.w.org\/{rel}","templated":true}]}}