{"id":1870,"date":"2026-01-22T09:48:12","date_gmt":"2026-01-22T08:48:12","guid":{"rendered":"https:\/\/pepinieredurenard.fr\/?post_type=product&#038;p=1870"},"modified":"2026-02-18T11:59:02","modified_gmt":"2026-02-18T10:59:02","slug":"crimson-carole","status":"publish","type":"product","link":"https:\/\/pepinieredurenard.fr\/en\/product\/crimson-carole\/","title":{"rendered":"Crimson carole"},"content":{"rendered":"<h3 data-start=\"635\" data-end=\"658\">Character &amp; interest<\/h3>\n<p data-start=\"660\" data-end=\"997\">Its key asset is the leaf shape: the lobes are deeply incised and finely cut, giving an almost \u201cfeathery\u201d look. The colouring is rich and evolving, often with reddish petioles\/shoots that enhance the effect. It\u2019s an original red, more \u201ccut-lace\u201d than a broad-leaved red.<\/p>\n<h3 data-start=\"999\" data-end=\"1021\">Colours<\/h3>\n<ul data-start=\"1023\" data-end=\"1285\">\n<li data-start=\"1023\" data-end=\"1113\">\n<p data-start=\"1025\" data-end=\"1113\"><strong>Spring<\/strong> : bright red \/ garnet foliage, sometimes with warmer nuances.<\/p>\n<\/li>\n<li data-start=\"1114\" data-end=\"1232\">\n<p data-start=\"1116\" data-end=\"1232\"><strong>Summer<\/strong> : dark purple to burgundy (often very dark), frequently with contrasting green veins.<\/p>\n<\/li>\n<li data-start=\"1233\" data-end=\"1285\">\n<p data-start=\"1235\" data-end=\"1285\"><strong>Autumn<\/strong> : orange-red to red-orange.<\/p>\n<\/li>\n<\/ul>\n<h3 data-start=\"1287\" data-end=\"1305\">Habit &amp; vigour<\/h3>\n<p data-start=\"1307\" data-end=\"1448\">Upright habit, but with tips that can be supple (semi-arching depending on cultivation). Moderate vigour, steady growth.<\/p>\n<h3 data-start=\"1450\" data-end=\"1476\">Indicative size<\/h3>\n<p data-start=\"1478\" data-end=\"1638\">Order of magnitude: around 3 to 4 m eventually in the ground (often less in a pot), with a spread of about 2 to 3 m depending on conditions and training.<\/p>\n<h3 data-start=\"1640\" data-end=\"1663\">Exposure<\/h3>\n<p data-start=\"1665\" data-end=\"1908\">Gentle sun \/ bright partial shade. Colour holds well with light, but for impeccable foliage: avoid dry wind and scorching afternoon sun, especially in containers.<\/p>\n<h3 data-start=\"2141\" data-end=\"2176\">Origin &amp; history<\/h3>\n<p data-start=\"2178\" data-end=\"2478\">\u2018Crimson Carole\u2019 is one of the Buchholz introductions (Flora Wonder collection) in the United States, by Buchholz &amp; Buchholz Nursery (Gaston, Oregon). The original spelling generally includes the final \u201ce\u201d (Carole), but it is also found in trade as \u2018Crimson Carol\u2019.<em data-start=\"2403\" data-end=\"2411\">Carole<\/em>), mais on le rencontre aussi en commerce sous \u2018Crimson Carol\u2019.<\/p>","protected":false},"excerpt":{"rendered":"<p data-start=\"241\" data-end=\"605\">\u2018Crimson Carole\u2019 is a red Japanese maple with very deeply cut foliage, often showing a visible contrast between the red (which darkens) and green veins. In spring it starts bright red, becomes purple to burgundy in summer, then finishes orange-red in autumn. Rather upright but supple habit, excellent in a pot as well as in a small garden.<\/p>","protected":false},"featured_media":0,"template":"","meta":{"_seopress_robots_primary_cat":"none","_seopress_titles_title":"Crimson Carole \u2013 Acer palmatum | \u00c9rable du Japon rouge sombre tr\u00e8s d\u00e9coup\u00e9, automne orange-rouge","_seopress_titles_desc":"\u2018Crimson Carole\u2019 (souvent vendu \u2018Crimson Carol\u2019) : \u00e9rable du Japon rouge au feuillage tr\u00e8s d\u00e9coup\u00e9. Rouge vif au printemps, bordeaux en \u00e9t\u00e9 avec nervures contrast\u00e9es, puis rouge-orang\u00e9 en automne. Port \u00e9rig\u00e9, id\u00e9al en pot ou jardin.","_seopress_robots_index":"","_kad_post_transparent":"default","_kad_post_title":"","_kad_post_layout":"default","_kad_post_sidebar_id":"","_kad_post_content_style":"default","_kad_post_vertical_padding":"default","_kad_post_feature":"","_kad_post_feature_position":"","_kad_post_header":false,"_kad_post_footer":false,"_kad_post_classname":""},"product_brand":[],"product_cat":[151,18],"product_tag":[],"class_list":{"0":"post-1870","1":"product","2":"type-product","3":"status-publish","5":"product_cat-acer-palmatum","6":"product_cat-erables-du-japon","8":"first","9":"instock","10":"shipping-taxable","11":"product-type-variable","12":"entry","13":"content-bg","14":"loop-entry"},"_links":{"self":[{"href":"https:\/\/pepinieredurenard.fr\/en\/wp-json\/wp\/v2\/product\/1870","targetHints":{"allow":["GET"]}}],"collection":[{"href":"https:\/\/pepinieredurenard.fr\/en\/wp-json\/wp\/v2\/product"}],"about":[{"href":"https:\/\/pepinieredurenard.fr\/en\/wp-json\/wp\/v2\/types\/product"}],"wp:attachment":[{"href":"https:\/\/pepinieredurenard.fr\/en\/wp-json\/wp\/v2\/media?parent=1870"}],"wp:term":[{"taxonomy":"product_brand","embeddable":true,"href":"https:\/\/pepinieredurenard.fr\/en\/wp-json\/wp\/v2\/product_brand?post=1870"},{"taxonomy":"product_cat","embeddable":true,"href":"https:\/\/pepinieredurenard.fr\/en\/wp-json\/wp\/v2\/product_cat?post=1870"},{"taxonomy":"product_tag","embeddable":true,"href":"https:\/\/pepinieredurenard.fr\/en\/wp-json\/wp\/v2\/product_tag?post=1870"}],"curies":[{"name":"wp","href":"https:\/\/api.w.org\/{rel}","templated":true}]}}