{"id":1867,"date":"2026-01-22T09:44:09","date_gmt":"2026-01-22T08:44:09","guid":{"rendered":"https:\/\/pepinieredurenard.fr\/?post_type=product&#038;p=1867"},"modified":"2026-02-18T11:56:57","modified_gmt":"2026-02-18T10:56:57","slug":"corallinum","status":"publish","type":"product","link":"https:\/\/pepinieredurenard.fr\/en\/product\/corallinum\/","title":{"rendered":"Corallinum"},"content":{"rendered":"<h3 data-start=\"650\" data-end=\"673\">Character &amp; interest<\/h3>\n<p data-start=\"675\" data-end=\"1073\">\u2018Corallinum\u2019 is one of those maples you choose first for spring: the colour is clear, luminous, and \u201cmakes the garden\u201d as soon as growth starts. It then stays interesting thanks to its repeat flushes (new leaves sometimes pink\/apricot) and finishes with a fine red blaze. Its naturally dense habit makes it easy to use in a container or in a border.<\/p>\n<h3 data-start=\"1075\" data-end=\"1097\">Colours<\/h3>\n<ul data-start=\"1099\" data-end=\"1380\">\n<li data-start=\"1099\" data-end=\"1168\">\n<p data-start=\"1101\" data-end=\"1168\"><strong>Spring<\/strong> : coral pink to very strong pink-red foliage.<\/p>\n<\/li>\n<li data-start=\"1169\" data-end=\"1297\">\n<p data-start=\"1171\" data-end=\"1297\"><strong>Summer<\/strong> : green foliage, often with younger growth that is more colourful (pink \/ apricot \/ reddish depending on conditions).<\/p>\n<\/li>\n<li data-start=\"1298\" data-end=\"1380\">\n<p data-start=\"1300\" data-end=\"1380\"><strong>Autumn<\/strong> : bright red to scarlet red, sometimes with orange nuances.<\/p>\n<\/li>\n<\/ul>\n<h3 data-start=\"1382\" data-end=\"1400\">Habit &amp; vigour<\/h3>\n<p data-start=\"1402\" data-end=\"1540\">Bushy, dense habit, rather upright at first then more rounded with age. Slow to moderate vigour (steady growth, without excess).<\/p>\n<h3 data-start=\"1542\" data-end=\"1568\">Indicative size<\/h3>\n<p data-start=\"1570\" data-end=\"1809\">Order of magnitude: often 1.5 to 2 m in many situations (and very well suited to container growing). In the ground, with age and good conditions, it can become larger (size varies with climate, soil and training).<\/p>\n<h3 data-start=\"1811\" data-end=\"1834\">Exposure<\/h3>\n<p data-start=\"1836\" data-end=\"2050\">Bright partial shade is recommended to keep the cleanest colours and tidy foliage. It can take gentle sun (morning), but avoid scorching sun and dry wind, especially in a pot.<\/p>\n<h3 data-start=\"2307\" data-end=\"2342\">Origin &amp; history<\/h3>\n<p data-start=\"2344\" data-end=\"2654\">An old cultivar: it is already mentioned at the very beginning of the 20th century in British horticultural literature. It is often presented as a selection distributed in England (sometimes associated with Hillier nurseries), but information varies between sources.<\/p>","protected":false},"excerpt":{"rendered":"<p>\u2018Corallinum\u2019 is a compact, bushy Japanese maple, famous for its coral-pink foliage at budbreak. In summer it turns green, but it often produces new flushes of coloured growth (pink to apricot) that contrast with the mature foliage. In autumn, it turns bright red \/ scarlet. A very ornamental cultivar, ideal in a pot as well as in a small garden.<\/p>","protected":false},"featured_media":0,"template":"","meta":{"_seopress_robots_primary_cat":"none","_seopress_titles_title":"Corallinum \u2013 Acer palmatum | \u00c9rable du Japon rose corail au printemps, compact","_seopress_titles_desc":"\u2018Corallinum\u2019 : \u00e9rable du Japon compact au d\u00e9bourrement rose corail spectaculaire. Feuillage vert en \u00e9t\u00e9 avec pousses souvent ros\u00e9es\/abricot, puis rouge \u00e9carlate en automne. Id\u00e9al en pot et petit jardin.","_seopress_robots_index":"","_kad_post_transparent":"default","_kad_post_title":"","_kad_post_layout":"default","_kad_post_sidebar_id":"","_kad_post_content_style":"default","_kad_post_vertical_padding":"default","_kad_post_feature":"","_kad_post_feature_position":"","_kad_post_header":false,"_kad_post_footer":false,"_kad_post_classname":""},"product_brand":[],"product_cat":[151,18],"product_tag":[],"class_list":{"0":"post-1867","1":"product","2":"type-product","3":"status-publish","5":"product_cat-acer-palmatum","6":"product_cat-erables-du-japon","8":"first","9":"instock","10":"shipping-taxable","11":"product-type-variable","12":"entry","13":"content-bg","14":"loop-entry"},"_links":{"self":[{"href":"https:\/\/pepinieredurenard.fr\/en\/wp-json\/wp\/v2\/product\/1867","targetHints":{"allow":["GET"]}}],"collection":[{"href":"https:\/\/pepinieredurenard.fr\/en\/wp-json\/wp\/v2\/product"}],"about":[{"href":"https:\/\/pepinieredurenard.fr\/en\/wp-json\/wp\/v2\/types\/product"}],"wp:attachment":[{"href":"https:\/\/pepinieredurenard.fr\/en\/wp-json\/wp\/v2\/media?parent=1867"}],"wp:term":[{"taxonomy":"product_brand","embeddable":true,"href":"https:\/\/pepinieredurenard.fr\/en\/wp-json\/wp\/v2\/product_brand?post=1867"},{"taxonomy":"product_cat","embeddable":true,"href":"https:\/\/pepinieredurenard.fr\/en\/wp-json\/wp\/v2\/product_cat?post=1867"},{"taxonomy":"product_tag","embeddable":true,"href":"https:\/\/pepinieredurenard.fr\/en\/wp-json\/wp\/v2\/product_tag?post=1867"}],"curies":[{"name":"wp","href":"https:\/\/api.w.org\/{rel}","templated":true}]}}