{"id":1861,"date":"2026-01-20T17:47:02","date_gmt":"2026-01-20T16:47:02","guid":{"rendered":"https:\/\/pepinieredurenard.fr\/?post_type=product&#038;p=1861"},"modified":"2026-02-18T11:51:19","modified_gmt":"2026-02-18T10:51:19","slug":"coonara-pygmy","status":"publish","type":"product","link":"https:\/\/pepinieredurenard.fr\/en\/product\/coonara-pygmy\/","title":{"rendered":"Coonara pygmy"},"content":{"rendered":"<h3 data-start=\"627\" data-end=\"650\">Character &amp; interest<\/h3>\n<p data-start=\"652\" data-end=\"1056\">This is a \u201csmall but tough\u201d cultivar: it forms a compact clump (dome\/ball shape) without needing pruning to stay attractive. The fine leaves and dense twigging create a very \u201cminiature\u201d look\u2014ideal when you want a Japanese maple in a very small space. In a container, it\u2019s easy to showcase on a terrace, and it responds very well to bonsai training.<\/p>\n<h3 data-start=\"1058\" data-end=\"1080\">Colours<\/h3>\n<ul data-start=\"1082\" data-end=\"1405\">\n<li data-start=\"1082\" data-end=\"1192\">\n<p data-start=\"1084\" data-end=\"1192\"><strong>Spring<\/strong> : light-green foliage, often with a pink edging \/ pink tips on young shoots.<\/p>\n<\/li>\n<li data-start=\"1193\" data-end=\"1296\">\n<p data-start=\"1195\" data-end=\"1296\"><strong>Summer<\/strong> : green foliage (fresh look), sometimes with slightly pink new growth.<\/p>\n<\/li>\n<li data-start=\"1297\" data-end=\"1405\">\n<p data-start=\"1299\" data-end=\"1405\"><strong>Autumn<\/strong> : orange to orange-red, sometimes with deeper red touches depending on exposure.<\/p>\n<\/li>\n<\/ul>\n<h3 data-start=\"1407\" data-end=\"1425\">Habit &amp; vigour<\/h3>\n<p data-start=\"1427\" data-end=\"1611\">Very compact habit, naturally rounded (ball\/dome), tight branching. Moderate vigour (slow to medium growth), typical of a maple originating from a witch\u2019s broom.<\/p>\n<h3 data-start=\"1613\" data-end=\"1639\">Indicative size<\/h3>\n<p data-start=\"1641\" data-end=\"1846\">Order of magnitude: about 1 to 2 m eventually (often closer to 1\u20131.5 m in \u201ctypical\u201d conditions), with a similar spread. It can become larger with age and in a very favourable climate.<\/p>\n<h3 data-start=\"1848\" data-end=\"1871\">Exposure<\/h3>\n<p data-start=\"1873\" data-end=\"2093\">Gentle sun \/ bright partial shade. Because it has small leaves, it is fairly tolerant, but it\u2019s still best to protect it from scorching sun and dry wind (especially in a pot) to keep the foliage clean.<\/p>\n<h3 data-start=\"2306\" data-end=\"2341\">Origin &amp; history<\/h3>\n<p data-start=\"2343\" data-end=\"2586\">\u2018Coonara Pygmy\u2019 is an Australian cultivar, discovered as a witch\u2019s broom mutation and selected\/named by Arnold Teese (Australia). The name refers to the discovery site associated with Coonara (Victoria).<\/p>","protected":false},"excerpt":{"rendered":"<p>\u2018Coonara Pygmy\u2019 is a dwarf Japanese maple with a naturally ball-shaped silhouette, very dense and compact. In spring, the small, light-green leaves are often tinged with pink at budbreak, then turn greener in summer. In autumn, it develops very bright orange to orange-red tones. Perfect for containers, rock gardens, or bonsai.<\/p>","protected":false},"featured_media":0,"template":"","meta":{"_seopress_robots_primary_cat":"none","_seopress_titles_title":"Coonara Pygmy \u2013 Acer palmatum | \u00c9rable du Japon nain, boule compacte, automne orange-rouge","_seopress_titles_desc":"\u2018Coonara Pygmy\u2019 : \u00e9rable du Japon nain en boule tr\u00e8s dense. Jeunes feuilles vert tendre aux pointes ros\u00e9es au printemps, vert en \u00e9t\u00e9, puis orange \u00e0 orange-rouge en automne. Id\u00e9al en pot, rocaille et bonsa\u00ef.","_seopress_robots_index":"","_kad_post_transparent":"default","_kad_post_title":"","_kad_post_layout":"default","_kad_post_sidebar_id":"","_kad_post_content_style":"default","_kad_post_vertical_padding":"default","_kad_post_feature":"","_kad_post_feature_position":"","_kad_post_header":false,"_kad_post_footer":false,"_kad_post_classname":""},"product_brand":[],"product_cat":[151,18],"product_tag":[],"class_list":{"0":"post-1861","1":"product","2":"type-product","3":"status-publish","5":"product_cat-acer-palmatum","6":"product_cat-erables-du-japon","8":"first","9":"instock","10":"shipping-taxable","11":"product-type-variable","12":"entry","13":"content-bg","14":"loop-entry"},"_links":{"self":[{"href":"https:\/\/pepinieredurenard.fr\/en\/wp-json\/wp\/v2\/product\/1861","targetHints":{"allow":["GET"]}}],"collection":[{"href":"https:\/\/pepinieredurenard.fr\/en\/wp-json\/wp\/v2\/product"}],"about":[{"href":"https:\/\/pepinieredurenard.fr\/en\/wp-json\/wp\/v2\/types\/product"}],"wp:attachment":[{"href":"https:\/\/pepinieredurenard.fr\/en\/wp-json\/wp\/v2\/media?parent=1861"}],"wp:term":[{"taxonomy":"product_brand","embeddable":true,"href":"https:\/\/pepinieredurenard.fr\/en\/wp-json\/wp\/v2\/product_brand?post=1861"},{"taxonomy":"product_cat","embeddable":true,"href":"https:\/\/pepinieredurenard.fr\/en\/wp-json\/wp\/v2\/product_cat?post=1861"},{"taxonomy":"product_tag","embeddable":true,"href":"https:\/\/pepinieredurenard.fr\/en\/wp-json\/wp\/v2\/product_tag?post=1861"}],"curies":[{"name":"wp","href":"https:\/\/api.w.org\/{rel}","templated":true}]}}