{"id":1858,"date":"2026-01-20T17:41:19","date_gmt":"2026-01-20T16:41:19","guid":{"rendered":"https:\/\/pepinieredurenard.fr\/?post_type=product&#038;p=1858"},"modified":"2026-02-18T11:45:37","modified_gmt":"2026-02-18T10:45:37","slug":"como","status":"publish","type":"product","link":"https:\/\/pepinieredurenard.fr\/en\/product\/como\/","title":{"rendered":"Como"},"content":{"rendered":"<h3 data-start=\"654\" data-end=\"677\">Character &amp; interest<\/h3>\n<p data-start=\"679\" data-end=\"1079\">\u2018Como\u2019 is sought after for its reticulated pattern (green veins standing out against a pale background), which catches the eye from far away and up close. It\u2019s typically a maple to showcase: near a walkway, against a dark background, or in a container at eye level. Like many pale variegates, it looks best when sheltered (dry wind and strong sun = less crisp, more delicate foliage).<\/p>\n<h3 data-start=\"1081\" data-end=\"1103\">Colours<\/h3>\n<ul data-start=\"1105\" data-end=\"1493\">\n<li data-start=\"1105\" data-end=\"1216\">\n<p data-start=\"1107\" data-end=\"1216\"><strong>Spring<\/strong> : pink \/ cream foliage with a strong contrast of green veins (reticulated effect).<\/p>\n<\/li>\n<li data-start=\"1217\" data-end=\"1369\">\n<p data-start=\"1219\" data-end=\"1369\"><strong>Summer<\/strong> : tends to partially green up, with a mix of soft green + cream; new growth may flush pinkish \/ orange.<\/p>\n<\/li>\n<li data-start=\"1370\" data-end=\"1493\">\n<p data-start=\"1372\" data-end=\"1493\"><strong>Autumn<\/strong> : end of season often salmon pink to apricot, sometimes with warmer nuances depending on exposure.<\/p>\n<\/li>\n<\/ul>\n<h3 data-start=\"1495\" data-end=\"1513\">Habit &amp; vigour<\/h3>\n<p data-start=\"1515\" data-end=\"1631\">Rather upright and flared habit. Moderate vigour: steady growth, but not a \u201cfast runner\u201d cultivar.<\/p>\n<h3 data-start=\"1633\" data-end=\"1659\">Indicative size<\/h3>\n<p data-start=\"1661\" data-end=\"1843\">Typical range: around 2 to 3 m ultimately, often ~2.5 m at around 10 years in good conditions, with a spread generally 1.5 to 2.5 m depending on training and position.<\/p>\n<h3 data-start=\"1845\" data-end=\"1868\">Exposure<\/h3>\n<p data-start=\"1870\" data-end=\"2069\">Bright partial shade recommended. Accepts gentle sun (morning), but avoid scorching full sun (especially afternoon) and dry wind, which mark pale leaves more quickly.<\/p>\n<h3 data-start=\"250\" data-end=\"285\">Origin &amp; history<\/h3>\n<p data-start=\"287\" data-end=\"635\">\u2018Como\u2019 (often sold as \u2018Reticulatum Como\u2019) is an Australian cultivar. It is given as selected and introduced by Chandler\u2019s Nursery \/ Como Nurseries, in The Basin (Melbourne region, Victoria).<\/p>","protected":false},"excerpt":{"rendered":"<p data-start=\"209\" data-end=\"624\">\u2018Como\u2019 is a very bright reticulated variegated Japanese maple: in spring, the young leaves show a pink to cream background finely veined in green, creating a \u201clace\u201d effect. In summer, the colouring settles more towards soft green and cream, then it often finishes in salmon \/ apricot tones in autumn. A precious cultivar, superb in a pot, to be protected from scorching sun.<\/p>","protected":false},"featured_media":0,"template":"","meta":{"_seopress_robots_primary_cat":"none","_seopress_titles_title":"Como \u2013 Acer palmatum | \u00c9rable du Japon panach\u00e9 r\u00e9ticul\u00e9 rose et cr\u00e8me","_seopress_titles_desc":"\u2018Como\u2019 (souvent \u2018Reticulatum Como\u2019) : \u00e9rable du Japon panach\u00e9 r\u00e9ticul\u00e9, feuilles rose\/cr\u00e8me nervur\u00e9es de vert au printemps, plus vert tendre en \u00e9t\u00e9, puis tons saumon\/abricot en automne. Mi-ombre recommand\u00e9e.","_seopress_robots_index":"","_kad_post_transparent":"default","_kad_post_title":"","_kad_post_layout":"default","_kad_post_sidebar_id":"","_kad_post_content_style":"default","_kad_post_vertical_padding":"default","_kad_post_feature":"","_kad_post_feature_position":"","_kad_post_header":false,"_kad_post_footer":false,"_kad_post_classname":""},"product_brand":[],"product_cat":[151,18],"product_tag":[],"class_list":{"0":"post-1858","1":"product","2":"type-product","3":"status-publish","5":"product_cat-acer-palmatum","6":"product_cat-erables-du-japon","8":"first","9":"instock","10":"shipping-taxable","11":"product-type-variable","12":"entry","13":"content-bg","14":"loop-entry"},"_links":{"self":[{"href":"https:\/\/pepinieredurenard.fr\/en\/wp-json\/wp\/v2\/product\/1858","targetHints":{"allow":["GET"]}}],"collection":[{"href":"https:\/\/pepinieredurenard.fr\/en\/wp-json\/wp\/v2\/product"}],"about":[{"href":"https:\/\/pepinieredurenard.fr\/en\/wp-json\/wp\/v2\/types\/product"}],"wp:attachment":[{"href":"https:\/\/pepinieredurenard.fr\/en\/wp-json\/wp\/v2\/media?parent=1858"}],"wp:term":[{"taxonomy":"product_brand","embeddable":true,"href":"https:\/\/pepinieredurenard.fr\/en\/wp-json\/wp\/v2\/product_brand?post=1858"},{"taxonomy":"product_cat","embeddable":true,"href":"https:\/\/pepinieredurenard.fr\/en\/wp-json\/wp\/v2\/product_cat?post=1858"},{"taxonomy":"product_tag","embeddable":true,"href":"https:\/\/pepinieredurenard.fr\/en\/wp-json\/wp\/v2\/product_tag?post=1858"}],"curies":[{"name":"wp","href":"https:\/\/api.w.org\/{rel}","templated":true}]}}