{"id":1840,"date":"2026-01-20T11:21:11","date_gmt":"2026-01-20T10:21:11","guid":{"rendered":"https:\/\/pepinieredurenard.fr\/?post_type=product&#038;p=1840"},"modified":"2026-02-18T11:22:03","modified_gmt":"2026-02-18T10:22:03","slug":"beni-shigitatsu-sawa","status":"publish","type":"product","link":"https:\/\/pepinieredurenard.fr\/en\/product\/beni-shigitatsu-sawa\/","title":{"rendered":"Beni shigitatsu sawa"},"content":{"rendered":"<h3 data-start=\"829\" data-end=\"854\">Character &amp; interest<\/h3>\n<p data-start=\"855\" data-end=\"1215\">This cultivar is sought after for its reticulated effect: a lively leaf, marbled and veined, particularly expressive in spring. Leaf margins can be wavy and finely irregular, which enhances the \u201ctextured\u201d look of the foliage. A collector cultivar, especially interesting near a walkway, where the veining can be appreciated up close.<\/p>\n<h3 data-start=\"1217\" data-end=\"1241\">Colours<\/h3>\n<ul data-start=\"1242\" data-end=\"1494\">\n<li data-start=\"1242\" data-end=\"1345\">\n<p data-start=\"1244\" data-end=\"1345\"><strong>Spring<\/strong> : pink to rosy red foliage, with clearly visible veins (reticulated effect).<\/p>\n<\/li>\n<li data-start=\"1346\" data-end=\"1441\">\n<p data-start=\"1348\" data-end=\"1441\"><strong>Summer<\/strong> : tends to green up (often with nuances, while the veining remains readable).<\/p>\n<\/li>\n<li data-start=\"1442\" data-end=\"1494\">\n<p data-start=\"1444\" data-end=\"1494\"><strong>Autumn<\/strong> : orange to red (often marbled).<\/p>\n<\/li>\n<\/ul>\n<h3 data-start=\"1496\" data-end=\"1516\">Habit &amp; vigour<\/h3>\n<p data-start=\"1517\" data-end=\"1566\">Spreading \/ broad habit, steady growth.<\/p>\n<h3 data-start=\"1568\" data-end=\"1596\">Indicative size<\/h3>\n<p data-start=\"1597\" data-end=\"1713\">Order of magnitude: ~2.5 m after 10 years, and around ~3 m eventually depending on conditions (soil, climate, training).<\/p>\n<h3 data-start=\"1715\" data-end=\"1740\">Exposure<\/h3>\n<p data-start=\"1741\" data-end=\"1919\">Best display in gentle sun \/ bright partial shade. A position sheltered from scorching sun and drying winds improves foliage hold and the finesse of the contrasts.<\/p>\n<p data-start=\"1741\" data-end=\"1919\">","protected":false},"excerpt":{"rendered":"<p>\u2018Beni shigitatsu sawa\u2019 is a reticulated Japanese maple: the foliage shows a strong contrast between the leaf blade and the veins, with a very decorative pink\/red, veined budbreak. In summer, the plant calms down (greener tones with the veining remaining visible), then autumn returns with orange to red nuances. Rather spreading habit, ideal as an accent plant.<\/p>","protected":false},"featured_media":0,"template":"","meta":{"_seopress_robots_primary_cat":"none","_seopress_titles_title":"Beni shigitatsu sawa \u2013 Acer palmatum | \u00c9rable du Japon r\u00e9ticul\u00e9 rose","_seopress_titles_desc":"\u2018Beni shigitatsu sawa\u2019 : \u00e9rable du Japon r\u00e9ticul\u00e9, printemps rose\/rouge vein\u00e9, \u00e9t\u00e9 plus vert puis automne orange \u00e0 rouge. Port \u00e9tal\u00e9.","_seopress_robots_index":"","_kad_post_transparent":"default","_kad_post_title":"","_kad_post_layout":"default","_kad_post_sidebar_id":"","_kad_post_content_style":"default","_kad_post_vertical_padding":"default","_kad_post_feature":"","_kad_post_feature_position":"","_kad_post_header":false,"_kad_post_footer":false,"_kad_post_classname":""},"product_brand":[],"product_cat":[151,18],"product_tag":[],"class_list":{"0":"post-1840","1":"product","2":"type-product","3":"status-publish","5":"product_cat-acer-palmatum","6":"product_cat-erables-du-japon","8":"first","9":"instock","10":"shipping-taxable","11":"product-type-variable","12":"entry","13":"content-bg","14":"loop-entry"},"_links":{"self":[{"href":"https:\/\/pepinieredurenard.fr\/en\/wp-json\/wp\/v2\/product\/1840","targetHints":{"allow":["GET"]}}],"collection":[{"href":"https:\/\/pepinieredurenard.fr\/en\/wp-json\/wp\/v2\/product"}],"about":[{"href":"https:\/\/pepinieredurenard.fr\/en\/wp-json\/wp\/v2\/types\/product"}],"wp:attachment":[{"href":"https:\/\/pepinieredurenard.fr\/en\/wp-json\/wp\/v2\/media?parent=1840"}],"wp:term":[{"taxonomy":"product_brand","embeddable":true,"href":"https:\/\/pepinieredurenard.fr\/en\/wp-json\/wp\/v2\/product_brand?post=1840"},{"taxonomy":"product_cat","embeddable":true,"href":"https:\/\/pepinieredurenard.fr\/en\/wp-json\/wp\/v2\/product_cat?post=1840"},{"taxonomy":"product_tag","embeddable":true,"href":"https:\/\/pepinieredurenard.fr\/en\/wp-json\/wp\/v2\/product_tag?post=1840"}],"curies":[{"name":"wp","href":"https:\/\/api.w.org\/{rel}","templated":true}]}}