{"id":1834,"date":"2026-01-20T10:54:22","date_gmt":"2026-01-20T09:54:22","guid":{"rendered":"https:\/\/pepinieredurenard.fr\/?post_type=product&#038;p=1834"},"modified":"2026-02-18T11:19:44","modified_gmt":"2026-02-18T10:19:44","slug":"beni-otake","status":"publish","type":"product","link":"https:\/\/pepinieredurenard.fr\/en\/product\/beni-otake\/","title":{"rendered":"Beni otake"},"content":{"rendered":"<h3 data-start=\"545\" data-end=\"570\">Character &amp; interest<\/h3>\n<p data-start=\"571\" data-end=\"814\">A highly sought-after cultivar for its texture: the \u201cbamboo\u201d effect is immediate, even in a restrained garden. It is an excellent alternative to dissectums when you want fine foliage, but with a more upright, more architectural habit.<\/p>\n<h3 data-start=\"816\" data-end=\"840\">Colours<\/h3>\n<ul data-start=\"841\" data-end=\"1053\">\n<li data-start=\"841\" data-end=\"891\">\n<p data-start=\"843\" data-end=\"891\"><strong>Spring<\/strong> : red to purplish red.<\/p>\n<\/li>\n<li data-start=\"892\" data-end=\"1017\">\n<p data-start=\"894\" data-end=\"1017\"><strong>Summer<\/strong> : burgundy \/ purple (some plants may partially green up later in the season depending on exposure).<\/p>\n<\/li>\n<li data-start=\"1018\" data-end=\"1053\">\n<p data-start=\"1020\" data-end=\"1053\"><strong>Autumn<\/strong> : crimson red.<\/p>\n<\/li>\n<\/ul>\n<h3 data-start=\"1055\" data-end=\"1075\">Habit &amp; vigour<\/h3>\n<p data-start=\"1076\" data-end=\"1206\">Upright habit (often vase-shaped when young), with rather vertical branching and more horizontal laterals. Steady vigour.<\/p>\n<h3 data-start=\"1208\" data-end=\"1236\">Indicative size<\/h3>\n<p data-start=\"1237\" data-end=\"1288\">References vary with climate and training:<\/p>\n<ul data-start=\"1289\" data-end=\"1473\">\n<li data-start=\"1289\" data-end=\"1348\">\n<p data-start=\"1291\" data-end=\"1348\">~2.5 m \/ 10 years,<\/p>\n<\/li>\n<li data-start=\"1349\" data-end=\"1473\">\n<p data-start=\"1351\" data-end=\"1473\">up to ~4\u20134.5 m \/ 15 years in favourable conditions.<br data-start=\"1412\" data-end=\"1415\" \/>Ultimately, usually a small tree of 3\u20136 m (variable).<\/p>\n<\/li>\n<\/ul>\n<h3 data-start=\"1475\" data-end=\"1500\">Exposure<\/h3>\n<p data-start=\"1501\" data-end=\"1738\">Gentle sun \/ bright partial shade. This cultivar is often presented as more sun-tolerant than many red maples, but a position sheltered from drying winds remains ideal to keep the foliage clean (very fine lobes).<\/p>\n<h3 data-start=\"1925\" data-end=\"1962\">Origin &amp; history<\/h3>\n<p data-start=\"1963\" data-end=\"2282\" class=\"translation-block\">The Japanese name is generally translated as \u201cred bamboo\u201d.\nIt is a chance seedling selected by Ed Wood and introduced by T.C Plants Company (Hillsboro, Oregon).<\/p>","protected":false},"excerpt":{"rendered":"<p>\u2018Beni otake\u2019 is a Japanese maple from the linearilobum group: long, very narrow leaves that look like bamboo strips. Spring starts red, summer remains burgundy \/ purple (sometimes a little greener towards the end of the season), then autumn finishes crimson red. Upright habit, very graphic silhouette.<\/p>","protected":false},"featured_media":0,"template":"","meta":{"_seopress_robots_primary_cat":"none","_seopress_titles_title":"Beni otake \u2013 Acer palmatum | \u00c9rable du Japon \u201cbambou rouge\u201d","_seopress_titles_desc":"\u2018Beni otake\u2019 : \u00e9rable du Japon du groupe linearilobum, feuilles en lani\u00e8res fa\u00e7on bambou, rouge au printemps, pourpre en \u00e9t\u00e9 et automne cramoisi. Port \u00e9rig\u00e9.","_seopress_robots_index":"","_kad_post_transparent":"default","_kad_post_title":"","_kad_post_layout":"default","_kad_post_sidebar_id":"","_kad_post_content_style":"default","_kad_post_vertical_padding":"default","_kad_post_feature":"","_kad_post_feature_position":"","_kad_post_header":false,"_kad_post_footer":false,"_kad_post_classname":""},"product_brand":[],"product_cat":[151,18],"product_tag":[],"class_list":{"0":"post-1834","1":"product","2":"type-product","3":"status-publish","5":"product_cat-acer-palmatum","6":"product_cat-erables-du-japon","8":"first","9":"instock","10":"shipping-taxable","11":"product-type-variable","12":"entry","13":"content-bg","14":"loop-entry"},"_links":{"self":[{"href":"https:\/\/pepinieredurenard.fr\/en\/wp-json\/wp\/v2\/product\/1834","targetHints":{"allow":["GET"]}}],"collection":[{"href":"https:\/\/pepinieredurenard.fr\/en\/wp-json\/wp\/v2\/product"}],"about":[{"href":"https:\/\/pepinieredurenard.fr\/en\/wp-json\/wp\/v2\/types\/product"}],"wp:attachment":[{"href":"https:\/\/pepinieredurenard.fr\/en\/wp-json\/wp\/v2\/media?parent=1834"}],"wp:term":[{"taxonomy":"product_brand","embeddable":true,"href":"https:\/\/pepinieredurenard.fr\/en\/wp-json\/wp\/v2\/product_brand?post=1834"},{"taxonomy":"product_cat","embeddable":true,"href":"https:\/\/pepinieredurenard.fr\/en\/wp-json\/wp\/v2\/product_cat?post=1834"},{"taxonomy":"product_tag","embeddable":true,"href":"https:\/\/pepinieredurenard.fr\/en\/wp-json\/wp\/v2\/product_tag?post=1834"}],"curies":[{"name":"wp","href":"https:\/\/api.w.org\/{rel}","templated":true}]}}