{"id":1816,"date":"2026-01-20T09:45:34","date_gmt":"2026-01-20T08:45:34","guid":{"rendered":"https:\/\/pepinieredurenard.fr\/?post_type=product&#038;p=1816"},"modified":"2026-02-18T11:03:35","modified_gmt":"2026-02-18T10:03:35","slug":"asahi-zuru","status":"publish","type":"product","link":"https:\/\/pepinieredurenard.fr\/en\/product\/asahi-zuru\/","title":{"rendered":"Asahi zuru"},"content":{"rendered":"<h3 data-start=\"573\" data-end=\"598\">Character &amp; interest<\/h3>\n<p data-start=\"599\" data-end=\"951\">A sought-after cultivar for its decorative variegation, often more regular than some \u201cclassic\u201d variegated types. The cream\/green contrast gives a strong presence even when the summer colour is more subdued. On some plants, fine pinkish streaks may appear on the bark of young shoots, adding an extra winter detail.<\/p>\n<h3 data-start=\"953\" data-end=\"977\">Colours<\/h3>\n<ul data-start=\"978\" data-end=\"1281\">\n<li data-start=\"978\" data-end=\"1104\">\n<p data-start=\"980\" data-end=\"1104\"><strong>Spring<\/strong> : young leaves pinkish, then variegated (cream\/green), sometimes with touches of pink that persist.<\/p>\n<\/li>\n<li data-start=\"1105\" data-end=\"1180\">\n<p data-start=\"1107\" data-end=\"1180\"><strong>Summer<\/strong> : cream\/green variegation, generally more stable and softer.<\/p>\n<\/li>\n<li data-start=\"1181\" data-end=\"1281\">\n<p data-start=\"1183\" data-end=\"1281\"><strong>Autumn<\/strong> : orange to red, with light areas that can remain cream\/whitish.<\/p>\n<\/li>\n<\/ul>\n<h3 data-start=\"1283\" data-end=\"1303\">Habit &amp; vigour<\/h3>\n<p data-start=\"1304\" data-end=\"1369\">Upright habit, regular growth (intermediate vigour).<\/p>\n<h3 data-start=\"1371\" data-end=\"1399\">Indicative size<\/h3>\n<p data-start=\"1400\" data-end=\"1524\">Order of magnitude: 3 to 5 m tall, with a 3 to 4 m spread at maturity (variable depending on conditions and training).<\/p>\n<h3 data-start=\"1526\" data-end=\"1551\">Exposure<\/h3>\n<p data-start=\"1552\" data-end=\"1781\">Meilleur rendu en soleil doux ou mi-ombre lumineuse. Comme beaucoup de cultivars panach\u00e9s, le feuillage est plus net et moins sujet aux marques lorsque la plante est abrit\u00e9e du soleil br\u00fblant et des vents dess\u00e9chants.<\/p>\n<h3 data-start=\"2019\" data-end=\"2056\">Origin &amp; history<\/h3>\n<p data-start=\"2057\" data-end=\"2373\">Cultivar of Japanese origin. The name is generally translated along the lines of \u201cmorning crane \/ crane of the rising sun\u201d, in reference to the foliage\u2019s aesthetic.<\/p>","protected":false},"excerpt":{"rendered":"<p>\u2018Asahi zuru\u2019 is a variegated Japanese maple: green foliage broadly marbled with cream, with lovely pink nuances at budbreak (and sometimes during the season). Autumn shifts to orange to red tones, while the variegated areas can remain lighter. Upright, elegant habit.<\/p>","protected":false},"featured_media":0,"template":"","meta":{"_seopress_robots_primary_cat":"none","_seopress_titles_title":"Asahi zuru \u2013 Acer palmatum | \u00c9rable du Japon panach\u00e9 rose cr\u00e8me","_seopress_titles_desc":"\u2018Asahi zuru\u2019 : \u00e9rable du Japon panach\u00e9 cr\u00e8me\/vert avec nuances roses au printemps, puis automne orange \u00e0 rouge. Port \u00e9rig\u00e9.","_seopress_robots_index":"","_kad_post_transparent":"default","_kad_post_title":"","_kad_post_layout":"default","_kad_post_sidebar_id":"","_kad_post_content_style":"default","_kad_post_vertical_padding":"default","_kad_post_feature":"","_kad_post_feature_position":"","_kad_post_header":false,"_kad_post_footer":false,"_kad_post_classname":""},"product_brand":[],"product_cat":[151,18],"product_tag":[],"class_list":{"0":"post-1816","1":"product","2":"type-product","3":"status-publish","5":"product_cat-acer-palmatum","6":"product_cat-erables-du-japon","8":"first","9":"instock","10":"shipping-taxable","11":"product-type-variable","12":"entry","13":"content-bg","14":"loop-entry"},"_links":{"self":[{"href":"https:\/\/pepinieredurenard.fr\/en\/wp-json\/wp\/v2\/product\/1816","targetHints":{"allow":["GET"]}}],"collection":[{"href":"https:\/\/pepinieredurenard.fr\/en\/wp-json\/wp\/v2\/product"}],"about":[{"href":"https:\/\/pepinieredurenard.fr\/en\/wp-json\/wp\/v2\/types\/product"}],"wp:attachment":[{"href":"https:\/\/pepinieredurenard.fr\/en\/wp-json\/wp\/v2\/media?parent=1816"}],"wp:term":[{"taxonomy":"product_brand","embeddable":true,"href":"https:\/\/pepinieredurenard.fr\/en\/wp-json\/wp\/v2\/product_brand?post=1816"},{"taxonomy":"product_cat","embeddable":true,"href":"https:\/\/pepinieredurenard.fr\/en\/wp-json\/wp\/v2\/product_cat?post=1816"},{"taxonomy":"product_tag","embeddable":true,"href":"https:\/\/pepinieredurenard.fr\/en\/wp-json\/wp\/v2\/product_tag?post=1816"}],"curies":[{"name":"wp","href":"https:\/\/api.w.org\/{rel}","templated":true}]}}