{"id":1810,"date":"2026-01-20T09:29:07","date_gmt":"2026-01-20T08:29:07","guid":{"rendered":"https:\/\/pepinieredurenard.fr\/?post_type=product&#038;p=1810"},"modified":"2026-02-18T10:15:02","modified_gmt":"2026-02-18T09:15:02","slug":"aoyagi","status":"publish","type":"product","link":"https:\/\/pepinieredurenard.fr\/en\/product\/aoyagi\/","title":{"rendered":"Aoyagi"},"content":{"rendered":"<h3 data-start=\"549\" data-end=\"574\">Character &amp; interest<\/h3>\n<p data-start=\"575\" data-end=\"878\">The main appeal of \u2018Aoyagi\u2019 is twofold: spring brightness (young chartreuse leaves) and light green stems that add real interest in winter, in the spirit of \u201ccoral bark\u201d types but in a green version. The foliage remains fine and decorative, without excess, with a clean silhouette.<\/p>\n<h3 data-start=\"880\" data-end=\"904\">Colours<\/h3>\n<ul data-start=\"905\" data-end=\"1143\">\n<li data-start=\"905\" data-end=\"967\">\n<p data-start=\"907\" data-end=\"967\"><strong>Spring<\/strong> : chartreuse \/ yellow-green, very bright.<\/p>\n<\/li>\n<li data-start=\"968\" data-end=\"1004\">\n<p data-start=\"970\" data-end=\"1004\"><strong>Summer<\/strong> : green (more subdued).<\/p>\n<\/li>\n<li data-start=\"1005\" data-end=\"1054\">\n<p data-start=\"1007\" data-end=\"1054\"><strong>Autumn<\/strong> : golden yellow (often clear and strong).<\/p>\n<\/li>\n<li data-start=\"1055\" data-end=\"1143\">\n<p data-start=\"1057\" data-end=\"1143\"><strong>Winter<\/strong> : light green \/ \u201cpea green\u201d shoots, colour more readable on young wood.<\/p>\n<\/li>\n<\/ul>\n<h3 data-start=\"1145\" data-end=\"1165\">Habit &amp; vigour<\/h3>\n<p data-start=\"1166\" data-end=\"1240\">Upright habit, then broad and flared with age. Regular vigour.<\/p>\n<h3 data-start=\"1242\" data-end=\"1270\">Indicative size<\/h3>\n<p data-start=\"1271\" data-end=\"1428\">Order of magnitude: 3\u20134 m in the medium term, potentially reaching 6\u20138 m over time in favourable conditions (varies with soil, climate and training).<\/p>\n<h3 data-start=\"1430\" data-end=\"1455\">Exposure<\/h3>\n<p data-start=\"1456\" data-end=\"1673\">Best results in gentle sun or bright partial shade. Good light helps show the shoots and strengthens the intensity of the autumn yellow; in hot situations, avoid harsh full afternoon sun.<\/p>\n<h3 data-start=\"1956\" data-end=\"1993\">Origin &amp; history<\/h3>\n<p data-start=\"1994\" data-end=\"2225\">Japanese cultivar. The name \u9752\u67f3 (Aoyagi) means \u201cgreen willow\u201d (in the sense of a willow greening again in spring).<\/p>","protected":false},"excerpt":{"rendered":"<p>\u2018Aoyagi\u2019 is a Japanese maple appreciated for its light green shoots (a more marked tone in the cold season) and its chartreuse spring foliage, becoming greener in summer. Autumn usually finishes as a very bright golden yellow. Upright habit, then broader with age: an elegant cultivar, also interesting in winter.<\/p>","protected":false},"featured_media":0,"template":"","meta":{"_seopress_robots_primary_cat":"none","_seopress_titles_title":"Aoyagi \u2013 Acer palmatum | \u00c9rable du Japon \u00e0 rameaux verts","_seopress_titles_desc":"\u2018Aoyagi\u2019 : \u00e9rable du Japon \u00e0 rameaux vert clair d\u00e9coratifs en hiver, feuillage chartreux au printemps puis vert et automne jaune dor\u00e9. Port \u00e9rig\u00e9.","_seopress_robots_index":"","_kad_post_transparent":"default","_kad_post_title":"","_kad_post_layout":"default","_kad_post_sidebar_id":"","_kad_post_content_style":"default","_kad_post_vertical_padding":"default","_kad_post_feature":"","_kad_post_feature_position":"","_kad_post_header":false,"_kad_post_footer":false,"_kad_post_classname":""},"product_brand":[],"product_cat":[151,18],"product_tag":[],"class_list":{"0":"post-1810","1":"product","2":"type-product","3":"status-publish","5":"product_cat-acer-palmatum","6":"product_cat-erables-du-japon","8":"first","9":"instock","10":"shipping-taxable","11":"product-type-variable","12":"entry","13":"content-bg","14":"loop-entry"},"_links":{"self":[{"href":"https:\/\/pepinieredurenard.fr\/en\/wp-json\/wp\/v2\/product\/1810","targetHints":{"allow":["GET"]}}],"collection":[{"href":"https:\/\/pepinieredurenard.fr\/en\/wp-json\/wp\/v2\/product"}],"about":[{"href":"https:\/\/pepinieredurenard.fr\/en\/wp-json\/wp\/v2\/types\/product"}],"wp:attachment":[{"href":"https:\/\/pepinieredurenard.fr\/en\/wp-json\/wp\/v2\/media?parent=1810"}],"wp:term":[{"taxonomy":"product_brand","embeddable":true,"href":"https:\/\/pepinieredurenard.fr\/en\/wp-json\/wp\/v2\/product_brand?post=1810"},{"taxonomy":"product_cat","embeddable":true,"href":"https:\/\/pepinieredurenard.fr\/en\/wp-json\/wp\/v2\/product_cat?post=1810"},{"taxonomy":"product_tag","embeddable":true,"href":"https:\/\/pepinieredurenard.fr\/en\/wp-json\/wp\/v2\/product_tag?post=1810"}],"curies":[{"name":"wp","href":"https:\/\/api.w.org\/{rel}","templated":true}]}}