{"id":1798,"date":"2026-01-19T11:13:09","date_gmt":"2026-01-19T10:13:09","guid":{"rendered":"https:\/\/pepinieredurenard.fr\/?post_type=product&#038;p=1798"},"modified":"2026-02-21T18:12:31","modified_gmt":"2026-02-21T17:12:31","slug":"amagi-shigure","status":"publish","type":"product","link":"https:\/\/pepinieredurenard.fr\/en\/product\/amagi-shigure\/","title":{"rendered":"Amagi shigure"},"content":{"rendered":"<h3 data-start=\"504\" data-end=\"529\">Character &amp; interest<\/h3>\n<p data-start=\"530\" data-end=\"805\">The key feature is the contrast between a light leaf blade and very dark veins, which gives a clear, graphic look from a distance and fine detail up close. Among strongly veined cultivars, \u2018Amagi shigure\u2019 is one of the most striking at budbreak.<\/p>\n<h3 data-start=\"992\" data-end=\"1016\">Colours<\/h3>\n<ul data-start=\"1017\" data-end=\"1201\">\n<li data-start=\"1017\" data-end=\"1106\">\n<p data-start=\"1019\" data-end=\"1106\"><strong>Spring<\/strong> : pink-red \/ fuchsia with dark purple to black veins.<\/p>\n<\/li>\n<li data-start=\"1107\" data-end=\"1155\">\n<p data-start=\"1109\" data-end=\"1155\"><strong>Summer<\/strong> : darker violet-purple.<\/p>\n<\/li>\n<li data-start=\"1156\" data-end=\"1201\">\n<p data-start=\"1158\" data-end=\"1201\"><strong>Autumn<\/strong> : orange-red to bright red.<\/p>\n<\/li>\n<\/ul>\n<h3 data-start=\"1591\" data-end=\"1609\">Habit &amp; vigour<\/h3>\n<p data-start=\"1610\" data-end=\"1747\">Upright to slightly flaring habit, fairly dense; slow to moderate growth.<\/p>\n<h3 data-start=\"1749\" data-end=\"1775\">Indicative size<\/h3>\n<ul data-start=\"1776\" data-end=\"1961\">\n<li data-start=\"1776\" data-end=\"1961\">\n<p data-start=\"1778\" data-end=\"1961\">about 1.8 m \u00d7 0.9 m at around 10 years (depending on conditions), then larger with age.<\/p>\n<\/li>\n<\/ul>\n<h3 data-start=\"1425\" data-end=\"1450\">Exposure<\/h3>\n<p data-start=\"1451\" data-end=\"1622\">Best results in bright partial shade or gentle sun (morning). In hot situations, protection from afternoon sun helps keep foliage cleaner.<\/p>\n<h3 data-start=\"1888\" data-end=\"1925\">Origin &amp; history<\/h3>\n<p data-start=\"1926\" data-end=\"2146\" class=\"translation-block\">Japanese selection (Japanese name: \u5929\u57ce\u6642\u96e8). The word shigure refers to a fine, intermittent rain typical of late autumn\/early winter in Japan; Amagi refers to the Amagi Mountains (Izu Peninsula).<\/p>","protected":false},"excerpt":{"rendered":"<p data-start=\"181\" data-end=\"474\">\u2018Amagi shigure\u2019 is a compact, upright Japanese maple valued for its reticulated effect: in spring, a very bright pink-red leaf blade highlighted by purple to almost black veins. Summer shifts toward purplish tones, then autumn colours range from orange-red to bright red.<\/p>","protected":false},"featured_media":0,"template":"","meta":{"_seopress_robots_primary_cat":"none","_seopress_titles_title":"Amagi shigure (Acer palmatum) | \u00c9rable du Japon r\u00e9ticul\u00e9 rose-rouge","_seopress_titles_desc":"\u00c9rable du Japon compact : d\u00e9bourrement rose-rouge \u00e0 nervures tr\u00e8s sombres, \u00e9t\u00e9 pourpre et automne orange-rouge.","_seopress_robots_index":"","_kad_post_transparent":"default","_kad_post_title":"","_kad_post_layout":"default","_kad_post_sidebar_id":"","_kad_post_content_style":"default","_kad_post_vertical_padding":"default","_kad_post_feature":"","_kad_post_feature_position":"","_kad_post_header":false,"_kad_post_footer":false,"_kad_post_classname":""},"product_brand":[],"product_cat":[151,18],"product_tag":[],"class_list":{"0":"post-1798","1":"product","2":"type-product","3":"status-publish","5":"product_cat-acer-palmatum","6":"product_cat-erables-du-japon","8":"first","9":"instock","10":"shipping-taxable","11":"product-type-variable","12":"entry","13":"content-bg","14":"loop-entry"},"_links":{"self":[{"href":"https:\/\/pepinieredurenard.fr\/en\/wp-json\/wp\/v2\/product\/1798","targetHints":{"allow":["GET"]}}],"collection":[{"href":"https:\/\/pepinieredurenard.fr\/en\/wp-json\/wp\/v2\/product"}],"about":[{"href":"https:\/\/pepinieredurenard.fr\/en\/wp-json\/wp\/v2\/types\/product"}],"wp:attachment":[{"href":"https:\/\/pepinieredurenard.fr\/en\/wp-json\/wp\/v2\/media?parent=1798"}],"wp:term":[{"taxonomy":"product_brand","embeddable":true,"href":"https:\/\/pepinieredurenard.fr\/en\/wp-json\/wp\/v2\/product_brand?post=1798"},{"taxonomy":"product_cat","embeddable":true,"href":"https:\/\/pepinieredurenard.fr\/en\/wp-json\/wp\/v2\/product_cat?post=1798"},{"taxonomy":"product_tag","embeddable":true,"href":"https:\/\/pepinieredurenard.fr\/en\/wp-json\/wp\/v2\/product_tag?post=1798"}],"curies":[{"name":"wp","href":"https:\/\/api.w.org\/{rel}","templated":true}]}}