{"id":1792,"date":"2026-01-29T11:06:13","date_gmt":"2026-01-29T10:06:13","guid":{"rendered":"https:\/\/pepinieredurenard.fr\/?post_type=product&#038;p=1792"},"modified":"2026-02-18T10:16:01","modified_gmt":"2026-02-18T09:16:01","slug":"arakawa","status":"publish","type":"product","link":"https:\/\/pepinieredurenard.fr\/en\/product\/arakawa\/","title":{"rendered":"Arakawa"},"content":{"rendered":"<h3 data-start=\"474\" data-end=\"495\">Character &amp; interest<\/h3>\n<p data-start=\"523\" data-end=\"745\">The main appeal is the bark: it gradually becomes bumpy, fissured and corky, with a very expressive look on mature wood. The foliage remains classic, naturally highlighting the trunk.<\/p>\n<h3 data-start=\"747\" data-end=\"771\">Colours<\/h3>\n<ul data-start=\"772\" data-end=\"911\">\n<li data-start=\"772\" data-end=\"803\">\n<p data-start=\"774\" data-end=\"803\"><strong data-start=\"774\" data-end=\"787\">Spring<\/strong> : fresh green.<\/p>\n<\/li>\n<li data-start=\"804\" data-end=\"831\">\n<p data-start=\"806\" data-end=\"831\"><strong data-start=\"806\" data-end=\"813\">Summer<\/strong> : rich green.<\/p>\n<\/li>\n<li data-start=\"832\" data-end=\"911\">\n<p data-start=\"834\" data-end=\"911\"><strong data-start=\"834\" data-end=\"845\">Autumn<\/strong> : golden yellow to orange-red (depending on exposure and the season).<\/p>\n<\/li>\n<\/ul>\n<h3 data-start=\"913\" data-end=\"933\">Habit &amp; vigour<\/h3>\n<p data-start=\"934\" data-end=\"1083\">Upright habit, good vigor. The bark often takes a few years to develop its relief (often from 3\u20135 years on maturing wood).<\/p>\n<h3 data-start=\"1085\" data-end=\"1113\">Indicative size<\/h3>\n<p data-start=\"1114\" data-end=\"1270\">Typical range: 3 to 4 m over about ten years, then a small tree that can reach 6 to 8 m in the long term (variable with conditions and training).<\/p>\n<h3 data-start=\"1272\" data-end=\"1297\">Exposure<\/h3>\n<p data-start=\"1298\" data-end=\"1485\">Tolerates full sun in most regions, but the best compromise is often gentle sun \/ bright partial shade, with protection from harsh afternoon sun in hot situations.<\/p>\n<h3 data-start=\"1756\" data-end=\"1793\">Origin &amp; history<\/h3>\n<p data-start=\"1794\" data-end=\"2058\">A Japanese name: \u201cArakawa\u201d means \u201crough bark\u201d, a direct reference to its highly textured trunk.<\/p>","protected":false},"excerpt":{"rendered":"<p>\u2018Arakawa\u2019 is a green Japanese maple known for its very rough, fissured, corky bark, decorative all year round. The foliage is green through the season, then turns golden yellow to orange-red in autumn. This cultivar is widely used for bonsai, precisely because of the character of its trunk and bark.<\/p>","protected":false},"featured_media":0,"template":"","meta":{"_seopress_robots_primary_cat":"none","_seopress_titles_title":"Arakawa \u2013 Acer palmatum | \u00c9rable du Japon \u00e0 \u00e9corce li\u00e9geuse (bonsa\u00ef)","_seopress_titles_desc":"\u2018Arakawa\u2019 : \u00e9rable du Japon \u00e0 \u00e9corce li\u00e9geuse tr\u00e8s rugueuse, feuillage vert puis automne jaune dor\u00e9 \u00e0 orange-rouge. Tr\u00e8s utilis\u00e9 en bonsa\u00ef.","_seopress_robots_index":"","_kad_post_transparent":"default","_kad_post_title":"","_kad_post_layout":"default","_kad_post_sidebar_id":"","_kad_post_content_style":"default","_kad_post_vertical_padding":"default","_kad_post_feature":"","_kad_post_feature_position":"","_kad_post_header":false,"_kad_post_footer":false,"_kad_post_classname":""},"product_brand":[],"product_cat":[151,18],"product_tag":[],"class_list":{"0":"post-1792","1":"product","2":"type-product","3":"status-publish","5":"product_cat-acer-palmatum","6":"product_cat-erables-du-japon","8":"first","9":"instock","10":"shipping-taxable","11":"product-type-variable","12":"entry","13":"content-bg","14":"loop-entry"},"_links":{"self":[{"href":"https:\/\/pepinieredurenard.fr\/en\/wp-json\/wp\/v2\/product\/1792","targetHints":{"allow":["GET"]}}],"collection":[{"href":"https:\/\/pepinieredurenard.fr\/en\/wp-json\/wp\/v2\/product"}],"about":[{"href":"https:\/\/pepinieredurenard.fr\/en\/wp-json\/wp\/v2\/types\/product"}],"wp:attachment":[{"href":"https:\/\/pepinieredurenard.fr\/en\/wp-json\/wp\/v2\/media?parent=1792"}],"wp:term":[{"taxonomy":"product_brand","embeddable":true,"href":"https:\/\/pepinieredurenard.fr\/en\/wp-json\/wp\/v2\/product_brand?post=1792"},{"taxonomy":"product_cat","embeddable":true,"href":"https:\/\/pepinieredurenard.fr\/en\/wp-json\/wp\/v2\/product_cat?post=1792"},{"taxonomy":"product_tag","embeddable":true,"href":"https:\/\/pepinieredurenard.fr\/en\/wp-json\/wp\/v2\/product_tag?post=1792"}],"curies":[{"name":"wp","href":"https:\/\/api.w.org\/{rel}","templated":true}]}}