{"id":2492,"date":"2026-01-14T16:22:05","date_gmt":"2026-01-14T15:22:05","guid":{"rendered":"https:\/\/pepinieredurenard.fr\/?page_id=2492"},"modified":"2026-01-17T10:45:10","modified_gmt":"2026-01-17T09:45:10","slug":"retours-retractation","status":"publish","type":"page","link":"https:\/\/pepinieredurenard.fr\/en\/retours-retractation\/","title":{"rendered":"Returns &amp; cancellation"},"content":{"rendered":"<p class=\"translation-block\">Products sold by P\u00e9pini\u00e8re du Renard are living plants. This page explains our return policy and the right of withdrawal. Detailed conditions are set out in our Terms and Conditions (T&amp;Cs).<\/p>\n\n\n\n<h2 class=\"wp-block-heading\">Right of withdrawal (distance selling)<\/h2>\n\n\n\n<h3 class=\"wp-block-heading\">Living plants<\/h3>\n\n\n\n<p class=\"translation-block\">In accordance with regulations, the right of withdrawal does not apply to goods that are likely to deteriorate or expire quickly.\n\nShipped plants \/ living plant products fall into this category: therefore, the right of withdrawal is excluded for these products.<\/p>\n\n\n\n<h2 class=\"wp-block-heading\">Returns<\/h2>\n\n\n\n<h3 class=\"wp-block-heading\">Living plants<\/h3>\n\n\n\n<p>We do not accept \u201ccomfort returns\u201d (change of mind) for shipped living plants.<\/p>\n\n\n\n<p class=\"translation-block\">However, if an issue is observed upon delivery (breakage, crushing, wrong item, missing item, damaged plant), we will provide an appropriate solution (depending on the case: replacement, partial\/full refund, store credit) after reviewing the information provided.<\/p>\n\n\n\n<h2 class=\"wp-block-heading\">Procedure if there is an issue on delivery (Customer service within 24h)<\/h2>\n\n\n\n<p class=\"translation-block\">Contact us within 24 hours after delivery at infos@pepinieredurenard.fr\n, stating your order number and attaching:<\/p>\n\n\n\n<ul class=\"wp-block-list\">\n<li class=\"translation-block\">photos of the parcel (outside + shipping label),<\/li>\n\n\n\n<li class=\"translation-block\">photos of the inside packaging (padding),<\/li>\n\n\n\n<li class=\"translation-block\">photos of the product(s) concerned.<\/li>\n<\/ul>\n\n\n\n<p>Without these elements, it may be difficult to identify the origin of the issue (carrier damage, handling, etc.).<\/p>\n\n\n\n<h2 class=\"wp-block-heading\">Plant condition and recovery<\/h2>\n\n\n\n<p class=\"translation-block\">Because plants are living products, transport may cause temporary stress (slightly marked foliage, occasional wilting).\n\nAfter unpacking, place the plant sheltered from wind and strong sun, then water appropriately: recovery may take a few days.<\/p>\n\n\n\n<h2 class=\"wp-block-heading\">Professionals (B2B)<\/h2>\n\n\n\n<p>Sales to professionals do not benefit from the right of withdrawal.<br>For specific requests (volumes, recurring orders), contact us: <strong><a>infos@pepinieredurenard.fr<\/a><\/strong>.<\/p>\n\n\n\n<h2 class=\"wp-block-heading\">Useful links<\/h2>\n\n\n\n<ul class=\"wp-block-list\">\n<li><a href=\"https:\/\/pepinieredurenard.fr\/en\/conditions-generales-de-vente\/\" data-type=\"page\" data-id=\"1279\">Terms and Conditions (T&amp;Cs)<\/a><\/li>\n\n\n\n<li><a href=\"https:\/\/pepinieredurenard.fr\/en\/livraisons\/\" data-type=\"page\" data-id=\"1277\">Shipping &amp; pickup<\/a><\/li>\n\n\n\n<li><a href=\"https:\/\/pepinieredurenard.fr\/en\/contact\/\" data-type=\"page\" data-id=\"1185\">Contact<\/a><\/li>\n<\/ul>\n\n\n\n<p><\/p>","protected":false},"excerpt":{"rendered":"<p>Les produits vendus sur P\u00e9pini\u00e8re du Renard sont des v\u00e9g\u00e9taux vivants. Cette page explique notre politique de retours et la r\u00e9tractation. Les conditions d\u00e9taill\u00e9es figurent dans nos CGV. R\u00e9tractation (vente \u00e0 distance) V\u00e9g\u00e9taux vivants Conform\u00e9ment \u00e0 la r\u00e9glementation, le droit de r\u00e9tractation ne s\u2019applique pas aux biens susceptibles de se d\u00e9t\u00e9riorer ou de se p\u00e9rimer&#8230;<\/p>","protected":false},"author":1,"featured_media":0,"parent":0,"menu_order":0,"comment_status":"closed","ping_status":"closed","template":"","meta":{"_seopress_robots_primary_cat":"","_seopress_titles_title":"","_seopress_titles_desc":"","_seopress_robots_index":"","_kad_post_transparent":"","_kad_post_title":"","_kad_post_layout":"","_kad_post_sidebar_id":"","_kad_post_content_style":"","_kad_post_vertical_padding":"","_kad_post_feature":"","_kad_post_feature_position":"","_kad_post_header":false,"_kad_post_footer":false,"_kad_post_classname":"","footnotes":""},"class_list":["post-2492","page","type-page","status-publish","hentry"],"_links":{"self":[{"href":"https:\/\/pepinieredurenard.fr\/en\/wp-json\/wp\/v2\/pages\/2492","targetHints":{"allow":["GET"]}}],"collection":[{"href":"https:\/\/pepinieredurenard.fr\/en\/wp-json\/wp\/v2\/pages"}],"about":[{"href":"https:\/\/pepinieredurenard.fr\/en\/wp-json\/wp\/v2\/types\/page"}],"author":[{"embeddable":true,"href":"https:\/\/pepinieredurenard.fr\/en\/wp-json\/wp\/v2\/users\/1"}],"replies":[{"embeddable":true,"href":"https:\/\/pepinieredurenard.fr\/en\/wp-json\/wp\/v2\/comments?post=2492"}],"version-history":[{"count":2,"href":"https:\/\/pepinieredurenard.fr\/en\/wp-json\/wp\/v2\/pages\/2492\/revisions"}],"predecessor-version":[{"id":2544,"href":"https:\/\/pepinieredurenard.fr\/en\/wp-json\/wp\/v2\/pages\/2492\/revisions\/2544"}],"wp:attachment":[{"href":"https:\/\/pepinieredurenard.fr\/en\/wp-json\/wp\/v2\/media?parent=2492"}],"curies":[{"name":"wp","href":"https:\/\/api.w.org\/{rel}","templated":true}]}}