{"id":2485,"date":"2026-01-14T16:10:43","date_gmt":"2026-01-14T15:10:43","guid":{"rendered":"https:\/\/pepinieredurenard.fr\/?page_id=2485"},"modified":"2026-01-14T16:10:43","modified_gmt":"2026-01-14T15:10:43","slug":"paiement-securite","status":"publish","type":"page","link":"https:\/\/pepinieredurenard.fr\/en\/paiement-securite\/","title":{"rendered":"Payment &amp; security"},"content":{"rendered":"<p>We currently accept:<\/p>\n\n\n\n<ul class=\"wp-block-list\">\n<li class=\"translation-block\">Bank card via Stripe (Visa, Mastercard, etc., depending on your card)<\/li>\n<\/ul>\n\n\n\n<p>The available payment methods are displayed at checkout.<\/p>\n\n\n\n<h2 class=\"wp-block-heading\">Payment security<\/h2>\n\n\n\n<p class=\"translation-block\">Card payments are processed by Stripe, a specialist online payment provider.<\/p>\n\n\n\n<ul class=\"wp-block-list\">\n<li class=\"translation-block\">The site does not store your card number.<\/li>\n\n\n\n<li>Payment information is sent directly to Stripe via a secure connection.<\/li>\n<\/ul>\n\n\n\n<h2 class=\"wp-block-heading\">Order confirmation<\/h2>\n\n\n\n<p>After your payment is validated, you receive a confirmation e-mail summarizing your order.<\/p>\n\n\n\n<p>If you do not receive the e-mail:<\/p>\n\n\n\n<ul class=\"wp-block-list\">\n<li>check your spam\/junk folder,<\/li>\n\n\n\n<li class=\"translation-block\">then contact us: infos@pepinieredurenard.fr<\/li>\n<\/ul>\n\n\n\n<h2 class=\"wp-block-heading\">Invoicing \/ VAT<\/h2>\n\n\n\n<p>Prices are displayed in <strong>euros<\/strong>.<br><strong>VAT not applicable (small business VAT exemption).<\/strong>.<\/p>\n\n\n\n<h2 class=\"wp-block-heading\">Need help?<\/h2>\n\n\n\n<p>Customer service \/ After-sales: <strong><a>infos@pepinieredurenard.fr<\/a><\/strong><br>Claims related to parcel delivery: please contact us within <strong>24 hours<\/strong> after delivery, with photos and your order number.<\/p>","protected":false},"excerpt":{"rendered":"<p>Nous acceptons actuellement : Les moyens disponibles sont affich\u00e9s au moment du passage en caisse. S\u00e9curit\u00e9 des paiements Les paiements par carte sont trait\u00e9s par Stripe, prestataire sp\u00e9cialis\u00e9 dans le paiement en ligne. Confirmation de commande Apr\u00e8s validation du paiement, vous recevez un e-mail de confirmation r\u00e9capitulant votre commande. Si vous ne recevez pas l\u2019e-mail&#8230;<\/p>","protected":false},"author":1,"featured_media":0,"parent":0,"menu_order":0,"comment_status":"closed","ping_status":"closed","template":"","meta":{"_seopress_robots_primary_cat":"","_seopress_titles_title":"","_seopress_titles_desc":"","_seopress_robots_index":"","_kad_post_transparent":"","_kad_post_title":"","_kad_post_layout":"","_kad_post_sidebar_id":"","_kad_post_content_style":"","_kad_post_vertical_padding":"","_kad_post_feature":"","_kad_post_feature_position":"","_kad_post_header":false,"_kad_post_footer":false,"_kad_post_classname":"","footnotes":""},"class_list":["post-2485","page","type-page","status-publish","hentry"],"_links":{"self":[{"href":"https:\/\/pepinieredurenard.fr\/en\/wp-json\/wp\/v2\/pages\/2485","targetHints":{"allow":["GET"]}}],"collection":[{"href":"https:\/\/pepinieredurenard.fr\/en\/wp-json\/wp\/v2\/pages"}],"about":[{"href":"https:\/\/pepinieredurenard.fr\/en\/wp-json\/wp\/v2\/types\/page"}],"author":[{"embeddable":true,"href":"https:\/\/pepinieredurenard.fr\/en\/wp-json\/wp\/v2\/users\/1"}],"replies":[{"embeddable":true,"href":"https:\/\/pepinieredurenard.fr\/en\/wp-json\/wp\/v2\/comments?post=2485"}],"version-history":[{"count":1,"href":"https:\/\/pepinieredurenard.fr\/en\/wp-json\/wp\/v2\/pages\/2485\/revisions"}],"predecessor-version":[{"id":2488,"href":"https:\/\/pepinieredurenard.fr\/en\/wp-json\/wp\/v2\/pages\/2485\/revisions\/2488"}],"wp:attachment":[{"href":"https:\/\/pepinieredurenard.fr\/en\/wp-json\/wp\/v2\/media?parent=2485"}],"curies":[{"name":"wp","href":"https:\/\/api.w.org\/{rel}","templated":true}]}}