{"id":1281,"date":"2025-12-23T15:55:29","date_gmt":"2025-12-23T14:55:29","guid":{"rendered":"https:\/\/pepinieredurenard.fr\/?page_id=1281"},"modified":"2026-01-17T13:37:52","modified_gmt":"2026-01-17T12:37:52","slug":"mentions-legales","status":"publish","type":"page","link":"https:\/\/pepinieredurenard.fr\/en\/mentions-legales\/","title":{"rendered":"Legal notice"},"content":{"rendered":"<p><strong>Website publisher<\/strong><br><strong>P\u00e9pini\u00e8re du Renard<\/strong> (trade name) \u2013 Sole proprietorship<br><strong>Gallay S\u00e9bastien<\/strong><br>56 impasse du Fauvet, 74450 Saint-Jean-de-Sixt, France<br>Tel.: +33 (0)7 85 96 00 25<br>E-mail : <strong><a>infos@pepinieredurenard.fr<\/a><\/strong><br>SIRET : <strong>79107189700023<\/strong><br>VAT: <strong>VAT not applicable (small business VAT exemption).<\/strong><\/p>\n\n\n\n<p><strong>Publication director<\/strong><br>S\u00e9bastien Gallay<\/p>\n\n\n\n<p><strong>Hosting<\/strong><br>OVH SAS<br>2 rue Kellermann, 59100 Roubaix, France<br>T\u00e9l. : <strong>09 72 10 10 07<\/strong><\/p>\n\n\n\n<p><strong>Domain name<\/strong><br>Domain name registered with <strong>Hostinger<\/strong> (DNS managed via Hostinger, where applicable).<\/p>\n\n\n\n<h2 class=\"wp-block-heading\">Intellectual property<\/h2>\n\n\n\n<p>All content on this website (texts, photos, logo, graphics, layout) is protected by copyright law. Any reproduction, representation, modification or exploitation, in whole or in part, without prior written authorization is prohibited.<\/p>\n\n\n\n<h2 class=\"wp-block-heading\">Personal data<\/h2>\n\n\n\n<p class=\"translation-block\">Personal data processing is described in the Privacy Policy page.<\/p>\n\n\n\n<h2 class=\"wp-block-heading\">Cookies<\/h2>\n\n\n\n<p class=\"translation-block\">Information relating to cookies is set out in the Cookies Policy page.<\/p>\n\n\n\n<h2 class=\"wp-block-heading\">Consumer mediation (B2C only)<\/h2>\n\n\n\n<p>In accordance with regulations, consumers may use a consumer mediator free of charge to resolve a dispute amicably.<\/p>\n\n\n\n<p><strong>Designated mediator: CM2C \u2013 Centre de la M\u00e9diation de la Consommation des Conciliateurs de Justice<\/strong><br>Address: 49 rue de Ponthieu, 75008 Paris, France<br>Online referral: <a href=\"https:\/\/www.cm2c.net\/declarer-un-litige.php?utm_source=chatgpt.com\">https:\/\/www.cm2c.net\/declarer-un-litige.php<\/a><br>E-mail : <a>declarer-un-litige@cm2c.net<\/a><\/p>\n\n\n\n<p><\/p>","protected":false},"excerpt":{"rendered":"<p>\u00c9diteur du siteP\u00e9pini\u00e8re du Renard (nom d\u2019usage) \u2013 Entreprise individuelleGallay S\u00e9bastien56 impasse du Fauvet, 74450 Saint-Jean-de-Sixt, FranceT\u00e9l. : 07 85 96 00 25E-mail : infos@pepinieredurenard.frSIRET : 79107189700023TVA : TVA non applicable (franchise en base) Directeur de la publicationS\u00e9bastien Gallay H\u00e9bergementOVH SAS2 rue Kellermann, 59100 Roubaix, FranceT\u00e9l. : 09 72 10 10 07 Nom de domaineNom&#8230;<\/p>","protected":false},"author":1,"featured_media":0,"parent":0,"menu_order":0,"comment_status":"closed","ping_status":"closed","template":"","meta":{"_seopress_robots_primary_cat":"","_seopress_titles_title":"","_seopress_titles_desc":"","_seopress_robots_index":"","_kad_post_transparent":"","_kad_post_title":"","_kad_post_layout":"","_kad_post_sidebar_id":"","_kad_post_content_style":"","_kad_post_vertical_padding":"","_kad_post_feature":"","_kad_post_feature_position":"","_kad_post_header":false,"_kad_post_footer":false,"_kad_post_classname":"","footnotes":""},"class_list":["post-1281","page","type-page","status-publish","hentry"],"_links":{"self":[{"href":"https:\/\/pepinieredurenard.fr\/en\/wp-json\/wp\/v2\/pages\/1281","targetHints":{"allow":["GET"]}}],"collection":[{"href":"https:\/\/pepinieredurenard.fr\/en\/wp-json\/wp\/v2\/pages"}],"about":[{"href":"https:\/\/pepinieredurenard.fr\/en\/wp-json\/wp\/v2\/types\/page"}],"author":[{"embeddable":true,"href":"https:\/\/pepinieredurenard.fr\/en\/wp-json\/wp\/v2\/users\/1"}],"replies":[{"embeddable":true,"href":"https:\/\/pepinieredurenard.fr\/en\/wp-json\/wp\/v2\/comments?post=1281"}],"version-history":[{"count":4,"href":"https:\/\/pepinieredurenard.fr\/en\/wp-json\/wp\/v2\/pages\/1281\/revisions"}],"predecessor-version":[{"id":2545,"href":"https:\/\/pepinieredurenard.fr\/en\/wp-json\/wp\/v2\/pages\/1281\/revisions\/2545"}],"wp:attachment":[{"href":"https:\/\/pepinieredurenard.fr\/en\/wp-json\/wp\/v2\/media?parent=1281"}],"curies":[{"name":"wp","href":"https:\/\/api.w.org\/{rel}","templated":true}]}}